{"id":5793,"date":"2017-04-02T07:42:52","date_gmt":"2017-04-02T05:42:52","guid":{"rendered":"http:\/\/paradiseisnotlost.com\/cancans\/?page_id=5793"},"modified":"2019-01-05T09:42:34","modified_gmt":"2019-01-05T08:42:34","slug":"photos-sud-bretagne","status":"publish","type":"page","link":"http:\/\/paradiseisnotlost.com\/cancans\/photos-sud-bretagne\/","title":{"rendered":"#SHOOTINGS"},"content":{"rendered":"\n<h5 style=\"text-align:center\">&nbsp;\u00c7A SHOOT!<\/h5>\n\n\n\n<blockquote class=\"wp-block-quote\"><p>Reportages, photos digitales &amp; infographies inspir\u00e9es par les territoires du sud Bretagne : Morbihan, Pays de la Loire, Vend\u00e9e, C\u00f4te d&rsquo;Amour, Petite Californie Bretonne&#8230;\u00a0 <\/p><\/blockquote>\n\n\n\n<h5><script type='text\/javascript'> (function($){ $(document).ready(function(){$('#ut_masonry_5791').utmasonry({ columns : 3 , tcolumns: 2 , mcolumns : 1 , itemClass : 'ut-grid-item' , unitHeight : 400 });}); })(jQuery); <\/script><div id=\"ut-loader-5791\" class=\"ut-portfolio-detail-loader\"><i class=\"fa fa-refresh fa-spin\"><\/i><\/div><div id=\"ut-portfolio-details-wrap-5791\" class=\"ut-portfolio-details-wrap clearfix\"><div id=\"ut-portfolio-details-5791\" class=\"inner ut-portfolio-details\"><div class=\"ut-portfolio-details-navigation\"><a class=\"prev-portfolio-details\" data-wrap=\"5791\" href=\"#\"><\/a><a class=\"close-portfolio-details\" data-wrap=\"5791\" href=\"#\"><\/a><a class=\"next-portfolio-details\" data-wrap=\"5791\" href=\"#\"><\/a><\/div><div id=\"ut-portfolio-detail-7454\" class=\"animated ut-portfolio-detail clearfix\" data-post=\"7454\" data-format=\"\"><div class=\"grid-80 prefix-10 mobile-grid-100 tablet-grid-80 tablet-prefix-10 ut-portfolio-media\"><img class=\"ut-portfolio-image ut-load-me ut-square\" alt=\"QUEEN MARY 2 THE BRIDGE\" data-original=\"http:\/\/paradiseisnotlost.com\/cancans\/wp-content\/uploads\/2018\/06\/18-06-18_qm2_51_03_30x45.jpg\"><\/div><div class=\"grid-70 prefix-15 mobile-grid-100 tablet-grid-70 tablet-prefix-15 entry-content clearfix\"><\/div><\/div><\/div><\/div><div class=\"clear\"><\/div><div id=\"ut_masonry_5791\" class=\"ut-portfolio-wrap\" data-textcolor=\"#ffffff\" data-opacity=\"0.5\" data-hovercolor=\"0,142,214\"><div class=\"ut-masonry ut-hover\"><a class=\"ut-square\" rel=\"bookmark\" title=\"V\u0153ux 2019\" href=\"http:\/\/paradiseisnotlost.com\/cancans\/portfolio-item\/voeux-2019\/\" target=\"_self\"><figure><img alt=\"V\u0153ux 2019\" width=\"600\" height=\"400\" src=\"http:\/\/paradiseisnotlost.com\/cancans\/wp-content\/plugins\/ut-portfolio\/i\/?w=600&amp;h=400\" class=\"portfolio-lazy\"  data-original=\"http:\/\/paradiseisnotlost.com\/cancans\/wp-content\/uploads\/2019\/01\/19-01-03_003-600x400.jpg\" \/><\/figure><div class=\"ut-hover-layer\"><div class=\"ut-portfolio-info\"><div class=\"ut-portfolio-info-c\"><h2 class=\"portfolio-title\">V\u0153ux 2019<\/h2><span>PHOTOS<\/span><\/div><\/div><\/div><\/a><\/div><div class=\"ut-masonry ut-hover\"><a class=\"ut-square\" rel=\"bookmark\" title=\"Shoot GARAGE \u00c0 CONFETTIS\" href=\"http:\/\/paradiseisnotlost.com\/cancans\/portfolio-item\/garage-a-confettis\/\" target=\"_self\"><figure><img alt=\"Shoot GARAGE \u00c0 CONFETTIS\" width=\"600\" height=\"400\" src=\"http:\/\/paradiseisnotlost.com\/cancans\/wp-content\/plugins\/ut-portfolio\/i\/?w=600&amp;h=400\" class=\"portfolio-lazy\"  data-original=\"http:\/\/paradiseisnotlost.com\/cancans\/wp-content\/uploads\/2018\/12\/expo-conffetis_01-1-600x400.jpg\" \/><\/figure><div class=\"ut-hover-layer\"><div class=\"ut-portfolio-info\"><div class=\"ut-portfolio-info-c\"><h2 class=\"portfolio-title\">Shoot GARAGE \u00c0 CONFETTIS<\/h2><span>PHOTOS<\/span><\/div><\/div><\/div><\/a><\/div><div class=\"ut-masonry ut-hover\"><a class=\"ut-square\" rel=\"bookmark\" title=\"Shoot SOLSTICE\" href=\"http:\/\/paradiseisnotlost.com\/cancans\/portfolio-item\/shoot-solstice\/\" target=\"_self\"><figure><img alt=\"Shoot SOLSTICE\" width=\"600\" height=\"400\" src=\"http:\/\/paradiseisnotlost.com\/cancans\/wp-content\/plugins\/ut-portfolio\/i\/?w=600&amp;h=400\" class=\"portfolio-lazy\"  data-original=\"http:\/\/paradiseisnotlost.com\/cancans\/wp-content\/uploads\/2018\/06\/solstice-orange_010-600x400.jpg\" \/><\/figure><div class=\"ut-hover-layer\"><div class=\"ut-portfolio-info\"><div class=\"ut-portfolio-info-c\"><h2 class=\"portfolio-title\">Shoot SOLSTICE<\/h2><span>PHOTOS<\/span><\/div><\/div><\/div><\/a><\/div><div class=\"ut-masonry ut-hover\"><a class=\"ut-portfolio-link ut-square\" rel=\"bookmark\" title=\"QUEEN MARY 2 THE BRIDGE\" data-wrap=\"5791\" data-post=\"7454\" href=\"#\"><figure><img alt=\"QUEEN MARY 2 THE BRIDGE\" width=\"600\" height=\"400\" src=\"http:\/\/paradiseisnotlost.com\/cancans\/wp-content\/plugins\/ut-portfolio\/i\/?w=600&amp;h=400\" class=\"portfolio-lazy\"  data-original=\"http:\/\/paradiseisnotlost.com\/cancans\/wp-content\/uploads\/2018\/06\/18-06-18_qm2_51_03_30x45-600x400.jpg\" \/><\/figure><div class=\"ut-hover-layer\"><div class=\"ut-portfolio-info\"><div class=\"ut-portfolio-info-c\"><h2 class=\"portfolio-title\">QUEEN MARY 2 THE BRIDGE<\/h2><span>e-Shop Photo, PHOTOS<\/span><\/div><\/div><\/div><\/a><\/div><div class=\"ut-masonry ut-hover\"><a class=\"ut-square\" rel=\"bookmark\" title=\"Sammy &#038; Saint-Michel &#8211; Tirage d&rsquo;art\" href=\"https:\/\/paradiseisnotlost.com\/boutique\/index.php\/produit\/archange-passe\/\" target=\"_blank\"><figure><img alt=\"Sammy &#038; Saint-Michel &#8211; Tirage d&rsquo;art\" width=\"600\" height=\"400\" src=\"http:\/\/paradiseisnotlost.com\/cancans\/wp-content\/plugins\/ut-portfolio\/i\/?w=600&amp;h=400\" class=\"portfolio-lazy\"  data-original=\"http:\/\/paradiseisnotlost.com\/cancans\/wp-content\/uploads\/2017\/04\/1600x900_voeux_03-600x400.jpg\" \/><\/figure><div class=\"ut-hover-layer\"><div class=\"ut-portfolio-info\"><div class=\"ut-portfolio-info-c\"><h2 class=\"portfolio-title\">Sammy &#038; Saint-Michel &#8211; Tirage d&rsquo;art<\/h2><span>PHOTOS<\/span><\/div><\/div><\/div><\/a><\/div><div class=\"ut-masonry ut-hover\"><a class=\"ut-square\" rel=\"bookmark\" title=\"L&rsquo;EAU GU\u00c9RISSEUSE &#8211; Tirage d&rsquo;art\" href=\"https:\/\/paradiseisnotlost.com\/boutique\/index.php\/produit\/photo-eau-guerisseuse\/\" target=\"_blank\"><figure><img alt=\"L&rsquo;EAU GU\u00c9RISSEUSE &#8211; Tirage d&rsquo;art\" width=\"600\" height=\"400\" src=\"http:\/\/paradiseisnotlost.com\/cancans\/wp-content\/plugins\/ut-portfolio\/i\/?w=600&amp;h=400\" class=\"portfolio-lazy\"  data-original=\"http:\/\/paradiseisnotlost.com\/cancans\/wp-content\/uploads\/2017\/08\/eau-guerisseuse_01-1-600x400.jpg\" \/><\/figure><div class=\"ut-hover-layer\"><div class=\"ut-portfolio-info\"><div class=\"ut-portfolio-info-c\"><h2 class=\"portfolio-title\">L&rsquo;EAU GU\u00c9RISSEUSE &#8211; Tirage d&rsquo;art<\/h2><span>PHOTOS<\/span><\/div><\/div><\/div><\/a><\/div><div class=\"ut-masonry ut-hover\"><a class=\"ut-square\" rel=\"bookmark\" title=\"BLUES &#038; FISHERY\" href=\"http:\/\/paradiseisnotlost.com\/cancans\/portfolio-item\/blues-fishery\/\" target=\"_self\"><figure><img alt=\"BLUES &#038; FISHERY\" width=\"600\" height=\"400\" src=\"http:\/\/paradiseisnotlost.com\/cancans\/wp-content\/plugins\/ut-portfolio\/i\/?w=600&amp;h=400\" class=\"portfolio-lazy\"  data-original=\"http:\/\/paradiseisnotlost.com\/cancans\/wp-content\/uploads\/2017\/08\/Slider_1240x868_bf_05-600x400.jpg\" \/><\/figure><div class=\"ut-hover-layer\"><div class=\"ut-portfolio-info\"><div class=\"ut-portfolio-info-c\"><h2 class=\"portfolio-title\">BLUES &#038; FISHERY<\/h2><span>\u00c9V\u00c9NEMENTS, Laptitecalifornie, PHOTOS, Spot shooting, \u00a9 Paradiseisnotlost<\/span><\/div><\/div><\/div><\/a><\/div><div class=\"ut-masonry ut-hover\"><a class=\"ut-square\" rel=\"bookmark\" title=\"Ouverture bar de la plage de Monsieur Hulot\" href=\"http:\/\/paradiseisnotlost.com\/cancans\/portfolio-item\/ouverture-bar-de-plage-de-monsieur-hulot\/\" target=\"_self\"><figure><img alt=\"Ouverture bar de la plage de Monsieur Hulot\" width=\"600\" height=\"400\" src=\"http:\/\/paradiseisnotlost.com\/cancans\/wp-content\/plugins\/ut-portfolio\/i\/?w=600&amp;h=400\" class=\"portfolio-lazy\"  data-original=\"http:\/\/paradiseisnotlost.com\/cancans\/wp-content\/uploads\/2017\/04\/ouverture-bar-de-plage_020-600x400.jpg\" \/><\/figure><div class=\"ut-hover-layer\"><div class=\"ut-portfolio-info\"><div class=\"ut-portfolio-info-c\"><h2 class=\"portfolio-title\">Ouverture bar de la plage de Monsieur Hulot<\/h2><span>PHOTOS, \u00a9 Paradiseisnotlost<\/span><\/div><\/div><\/div><\/a><\/div><div class=\"ut-masonry ut-hover\"><a class=\"ut-square\" rel=\"bookmark\" title=\"1\u00e8re sortie du MSC Meraviglia\" href=\"http:\/\/paradiseisnotlost.com\/cancans\/portfolio-item\/msc-meraviglia-plage-de-monsieur-hulot-06-2-2\/\" target=\"_self\"><figure><img alt=\"1\u00e8re sortie du MSC Meraviglia\" width=\"600\" height=\"400\" src=\"http:\/\/paradiseisnotlost.com\/cancans\/wp-content\/plugins\/ut-portfolio\/i\/?w=600&amp;h=400\" class=\"portfolio-lazy\"  data-original=\"http:\/\/paradiseisnotlost.com\/cancans\/wp-content\/uploads\/2017\/03\/17-03-30_Meraviglia_002-600x400.jpg\" \/><\/figure><div class=\"ut-hover-layer\"><div class=\"ut-portfolio-info\"><div class=\"ut-portfolio-info-c\"><h2 class=\"portfolio-title\">1\u00e8re sortie du MSC Meraviglia<\/h2><span>PHOTOS<\/span><\/div><\/div><\/div><\/a><\/div><\/div><!-- end ut_masonry_5791--><\/h5>\n\n\n\n<figure class=\"wp-block-pullquote\"><p><\/p><p>La plupart de ces photos &amp; infographies sont disponibles \u00e0 la vente en affiches, cartes et tirages d&rsquo;art sur multiples supports et formats, en <strong>\u00e9dition limit\u00e9e <\/strong>ou <strong>personnalis\u00e9s. <\/strong><\/p><p><a rel=\"noreferrer noopener\" aria-label=\"boutique (s\u2019ouvre dans un nouvel onglet)\" href=\"https:\/\/paradiseisnotlost.com\/boutique\/\" target=\"_blank\">BOUTIQUE<\/a> en ligne &amp; <a href=\"https:\/\/paradiseisnotlost.com\/cancans\/portfolio-item\/spot-design-paradiseisnotlost\/\">SHOWROOM<\/a> <\/p><\/figure>\n","protected":false},"excerpt":{"rendered":"<p>\u00c7A SHOOT! Reportages, photos digitales &amp; infographies inspir\u00e9es par les territoires du sud Bretagne : Morbihan,&#8230;<\/p>\n","protected":false},"author":3,"featured_media":0,"parent":0,"menu_order":0,"comment_status":"closed","ping_status":"closed","template":"","meta":[],"yoast_head":"<!-- This site is optimized with the Yoast SEO plugin v18.3 - https:\/\/yoast.com\/wordpress\/plugins\/seo\/ -->\n<title>Paradiseisnotlost images : Petite Californie, C\u00f4te d&#039;Amour, Sud Bretagne...<\/title>\n<meta name=\"description\" content=\"Vrac photos, images et posts actu, acteurs, adresses ou cr\u00e9ations digital d&#039;inspiration sud Bretagne by Paradiseisnotlost BZH\" \/>\n<meta name=\"robots\" content=\"noindex, follow, max-snippet:-1, max-image-preview:large, max-video-preview:-1\" \/>\n<meta property=\"og:locale\" content=\"fr_FR\" \/>\n<meta property=\"og:type\" content=\"article\" \/>\n<meta property=\"og:title\" content=\"Paradiseisnotlost images : Petite Californie, C\u00f4te d&#039;Amour, Sud Bretagne...\" \/>\n<meta property=\"og:description\" content=\"Vrac photos, images et posts actu, acteurs, adresses ou cr\u00e9ations digital d&#039;inspiration sud Bretagne by Paradiseisnotlost BZH\" \/>\n<meta property=\"og:url\" content=\"http:\/\/paradiseisnotlost.com\/cancans\/photos-sud-bretagne\/\" \/>\n<meta property=\"og:site_name\" content=\"Digital cancans &amp; visuels sud Bretagne - Blog\" \/>\n<meta property=\"article:publisher\" content=\"https:\/\/www.facebook.com\/paradiseisnotlost\" \/>\n<meta property=\"article:modified_time\" content=\"2019-01-05T08:42:34+00:00\" \/>\n<meta name=\"twitter:card\" content=\"summary\" \/>\n<meta name=\"twitter:site\" content=\"@EmazighParadise\" \/>\n<script type=\"application\/ld+json\" class=\"yoast-schema-graph\">{\"@context\":\"https:\/\/schema.org\",\"@graph\":[{\"@type\":\"Organization\",\"@id\":\"https:\/\/paradiseisnotlost.com\/cancans\/#organization\",\"name\":\"Paradiseisnotlost.com\",\"url\":\"https:\/\/paradiseisnotlost.com\/cancans\/\",\"sameAs\":[\"https:\/\/www.facebook.com\/paradiseisnotlost\",\"https:\/\/twitter.com\/EmazighParadise\"],\"logo\":{\"@type\":\"ImageObject\",\"@id\":\"https:\/\/paradiseisnotlost.com\/cancans\/#logo\",\"inLanguage\":\"fr-FR\",\"url\":\"http:\/\/paradiseisnotlost.com\/cancans\/wp-content\/uploads\/2017\/01\/300_logo_01.png\",\"contentUrl\":\"http:\/\/paradiseisnotlost.com\/cancans\/wp-content\/uploads\/2017\/01\/300_logo_01.png\",\"width\":300,\"height\":300,\"caption\":\"Paradiseisnotlost.com\"},\"image\":{\"@id\":\"https:\/\/paradiseisnotlost.com\/cancans\/#logo\"}},{\"@type\":\"WebSite\",\"@id\":\"https:\/\/paradiseisnotlost.com\/cancans\/#website\",\"url\":\"https:\/\/paradiseisnotlost.com\/cancans\/\",\"name\":\"Digital cancans &amp; visuels sud Bretagne - Blog\",\"description\":\"Du vrai, du bon, du bien donc du beau du sud BZH\",\"publisher\":{\"@id\":\"https:\/\/paradiseisnotlost.com\/cancans\/#organization\"},\"potentialAction\":[{\"@type\":\"SearchAction\",\"target\":{\"@type\":\"EntryPoint\",\"urlTemplate\":\"https:\/\/paradiseisnotlost.com\/cancans\/?s={search_term_string}\"},\"query-input\":\"required name=search_term_string\"}],\"inLanguage\":\"fr-FR\"},{\"@type\":\"WebPage\",\"@id\":\"http:\/\/paradiseisnotlost.com\/cancans\/photos-sud-bretagne\/#webpage\",\"url\":\"http:\/\/paradiseisnotlost.com\/cancans\/photos-sud-bretagne\/\",\"name\":\"Paradiseisnotlost images : Petite Californie, C\u00f4te d'Amour, Sud Bretagne...\",\"isPartOf\":{\"@id\":\"https:\/\/paradiseisnotlost.com\/cancans\/#website\"},\"datePublished\":\"2017-04-02T05:42:52+00:00\",\"dateModified\":\"2019-01-05T08:42:34+00:00\",\"description\":\"Vrac photos, images et posts actu, acteurs, adresses ou cr\u00e9ations digital d'inspiration sud Bretagne by Paradiseisnotlost BZH\",\"breadcrumb\":{\"@id\":\"http:\/\/paradiseisnotlost.com\/cancans\/photos-sud-bretagne\/#breadcrumb\"},\"inLanguage\":\"fr-FR\",\"potentialAction\":[{\"@type\":\"ReadAction\",\"target\":[\"http:\/\/paradiseisnotlost.com\/cancans\/photos-sud-bretagne\/\"]}]},{\"@type\":\"BreadcrumbList\",\"@id\":\"http:\/\/paradiseisnotlost.com\/cancans\/photos-sud-bretagne\/#breadcrumb\",\"itemListElement\":[{\"@type\":\"ListItem\",\"position\":1,\"name\":\"Accueil\",\"item\":\"https:\/\/paradiseisnotlost.com\/cancans\/\"},{\"@type\":\"ListItem\",\"position\":2,\"name\":\"#SHOOTINGS\"}]}]}<\/script>\n<!-- \/ Yoast SEO plugin. -->","yoast_head_json":{"title":"Paradiseisnotlost images : Petite Californie, C\u00f4te d'Amour, Sud Bretagne...","description":"Vrac photos, images et posts actu, acteurs, adresses ou cr\u00e9ations digital d'inspiration sud Bretagne by Paradiseisnotlost BZH","robots":{"index":"noindex","follow":"follow","max-snippet":"max-snippet:-1","max-image-preview":"max-image-preview:large","max-video-preview":"max-video-preview:-1"},"og_locale":"fr_FR","og_type":"article","og_title":"Paradiseisnotlost images : Petite Californie, C\u00f4te d'Amour, Sud Bretagne...","og_description":"Vrac photos, images et posts actu, acteurs, adresses ou cr\u00e9ations digital d'inspiration sud Bretagne by Paradiseisnotlost BZH","og_url":"http:\/\/paradiseisnotlost.com\/cancans\/photos-sud-bretagne\/","og_site_name":"Digital cancans &amp; visuels sud Bretagne - Blog","article_publisher":"https:\/\/www.facebook.com\/paradiseisnotlost","article_modified_time":"2019-01-05T08:42:34+00:00","twitter_card":"summary","twitter_site":"@EmazighParadise","schema":{"@context":"https:\/\/schema.org","@graph":[{"@type":"Organization","@id":"https:\/\/paradiseisnotlost.com\/cancans\/#organization","name":"Paradiseisnotlost.com","url":"https:\/\/paradiseisnotlost.com\/cancans\/","sameAs":["https:\/\/www.facebook.com\/paradiseisnotlost","https:\/\/twitter.com\/EmazighParadise"],"logo":{"@type":"ImageObject","@id":"https:\/\/paradiseisnotlost.com\/cancans\/#logo","inLanguage":"fr-FR","url":"http:\/\/paradiseisnotlost.com\/cancans\/wp-content\/uploads\/2017\/01\/300_logo_01.png","contentUrl":"http:\/\/paradiseisnotlost.com\/cancans\/wp-content\/uploads\/2017\/01\/300_logo_01.png","width":300,"height":300,"caption":"Paradiseisnotlost.com"},"image":{"@id":"https:\/\/paradiseisnotlost.com\/cancans\/#logo"}},{"@type":"WebSite","@id":"https:\/\/paradiseisnotlost.com\/cancans\/#website","url":"https:\/\/paradiseisnotlost.com\/cancans\/","name":"Digital cancans &amp; visuels sud Bretagne - Blog","description":"Du vrai, du bon, du bien donc du beau du sud BZH","publisher":{"@id":"https:\/\/paradiseisnotlost.com\/cancans\/#organization"},"potentialAction":[{"@type":"SearchAction","target":{"@type":"EntryPoint","urlTemplate":"https:\/\/paradiseisnotlost.com\/cancans\/?s={search_term_string}"},"query-input":"required name=search_term_string"}],"inLanguage":"fr-FR"},{"@type":"WebPage","@id":"http:\/\/paradiseisnotlost.com\/cancans\/photos-sud-bretagne\/#webpage","url":"http:\/\/paradiseisnotlost.com\/cancans\/photos-sud-bretagne\/","name":"Paradiseisnotlost images : Petite Californie, C\u00f4te d'Amour, Sud Bretagne...","isPartOf":{"@id":"https:\/\/paradiseisnotlost.com\/cancans\/#website"},"datePublished":"2017-04-02T05:42:52+00:00","dateModified":"2019-01-05T08:42:34+00:00","description":"Vrac photos, images et posts actu, acteurs, adresses ou cr\u00e9ations digital d'inspiration sud Bretagne by Paradiseisnotlost BZH","breadcrumb":{"@id":"http:\/\/paradiseisnotlost.com\/cancans\/photos-sud-bretagne\/#breadcrumb"},"inLanguage":"fr-FR","potentialAction":[{"@type":"ReadAction","target":["http:\/\/paradiseisnotlost.com\/cancans\/photos-sud-bretagne\/"]}]},{"@type":"BreadcrumbList","@id":"http:\/\/paradiseisnotlost.com\/cancans\/photos-sud-bretagne\/#breadcrumb","itemListElement":[{"@type":"ListItem","position":1,"name":"Accueil","item":"https:\/\/paradiseisnotlost.com\/cancans\/"},{"@type":"ListItem","position":2,"name":"#SHOOTINGS"}]}]}},"_links":{"self":[{"href":"http:\/\/paradiseisnotlost.com\/cancans\/wp-json\/wp\/v2\/pages\/5793"}],"collection":[{"href":"http:\/\/paradiseisnotlost.com\/cancans\/wp-json\/wp\/v2\/pages"}],"about":[{"href":"http:\/\/paradiseisnotlost.com\/cancans\/wp-json\/wp\/v2\/types\/page"}],"author":[{"embeddable":true,"href":"http:\/\/paradiseisnotlost.com\/cancans\/wp-json\/wp\/v2\/users\/3"}],"replies":[{"embeddable":true,"href":"http:\/\/paradiseisnotlost.com\/cancans\/wp-json\/wp\/v2\/comments?post=5793"}],"version-history":[{"count":57,"href":"http:\/\/paradiseisnotlost.com\/cancans\/wp-json\/wp\/v2\/pages\/5793\/revisions"}],"predecessor-version":[{"id":8108,"href":"http:\/\/paradiseisnotlost.com\/cancans\/wp-json\/wp\/v2\/pages\/5793\/revisions\/8108"}],"wp:attachment":[{"href":"http:\/\/paradiseisnotlost.com\/cancans\/wp-json\/wp\/v2\/media?parent=5793"}],"curies":[{"name":"wp","href":"https:\/\/api.w.org\/{rel}","templated":true}]}}