{"id":10698,"date":"2019-10-09T12:17:13","date_gmt":"2019-10-09T10:17:13","guid":{"rendered":"https:\/\/paradiseisnotlost.com\/bzh\/?page_id=10698"},"modified":"2025-08-31T13:46:05","modified_gmt":"2025-08-31T11:46:05","slug":"collections-affiches","status":"publish","type":"page","link":"https:\/\/paradiseisnotlost.com\/bzh\/art-shop-paradiseisnotlost\/collections-affiches\/","title":{"rendered":"COLLECTIONS ART-SHOP"},"content":{"rendered":"<p>[vc_row][vc_column]<div class=\"headings-title\"><div class=\"mb72  mb-xs-40 text-center\"><h1  class=\"widgettitle \">COLLECTIONS<\/h1><div class=\"divider-wrap\"><i  class=\"ti-wand\"><\/i><div class=\"tlg-divider\"><\/div><\/div><div  class=\"widgetsubtitle\">Affiches, cartes et tirages d'art personnalis\u00e9s<\/div><\/div><\/div><div class=\"woocommerce columns-3\"><ul class=\"products columns-3\">\n<li class=\"product-category product first\">\n\t<a aria-label=\"Acc\u00e9der \u00e0 la cat\u00e9gorie de produits C\u00d4TE D&#039;AMOUR BZH\" href=\"https:\/\/paradiseisnotlost.com\/bzh\/categorie-produit\/collection-cote-damour\/\"><img decoding=\"async\" src=\"https:\/\/paradiseisnotlost.com\/bzh\/wp-content\/uploads\/2025\/08\/25_col_CDA.jpg\" alt=\"C\u00d4TE D&#039;AMOUR BZH\" width=\"1512\" height=\"\" srcset=\"https:\/\/paradiseisnotlost.com\/bzh\/wp-content\/uploads\/2025\/08\/25_col_CDA.jpg 960w, https:\/\/paradiseisnotlost.com\/bzh\/wp-content\/uploads\/2025\/08\/25_col_CDA-225x300.jpg 225w, https:\/\/paradiseisnotlost.com\/bzh\/wp-content\/uploads\/2025\/08\/25_col_CDA-720x960.jpg 720w, https:\/\/paradiseisnotlost.com\/bzh\/wp-content\/uploads\/2025\/08\/25_col_CDA-768x1024.jpg 768w\" sizes=\"(max-width: 960px) 100vw, 960px\" \/>\t\t<h2 class=\"woocommerce-loop-category__title\">\n\t\t\tC\u00d4TE D&#039;AMOUR BZH <mark class=\"count\">(28)<\/mark>\t\t<\/h2>\n\t\t<\/a><\/li>\n<li class=\"product-category product\">\n\t<a aria-label=\"Acc\u00e9der \u00e0 la cat\u00e9gorie de produits PETITE CALIFORNIE BZH\" href=\"https:\/\/paradiseisnotlost.com\/bzh\/categorie-produit\/la-petite-californie-bretonne\/\"><img decoding=\"async\" src=\"https:\/\/paradiseisnotlost.com\/bzh\/wp-content\/uploads\/2025\/08\/25_col_LPCB.jpg\" alt=\"PETITE CALIFORNIE BZH\" width=\"1512\" height=\"\" srcset=\"https:\/\/paradiseisnotlost.com\/bzh\/wp-content\/uploads\/2025\/08\/25_col_LPCB.jpg 960w, https:\/\/paradiseisnotlost.com\/bzh\/wp-content\/uploads\/2025\/08\/25_col_LPCB-225x300.jpg 225w, https:\/\/paradiseisnotlost.com\/bzh\/wp-content\/uploads\/2025\/08\/25_col_LPCB-720x960.jpg 720w, https:\/\/paradiseisnotlost.com\/bzh\/wp-content\/uploads\/2025\/08\/25_col_LPCB-768x1024.jpg 768w\" sizes=\"(max-width: 960px) 100vw, 960px\" \/>\t\t<h2 class=\"woocommerce-loop-category__title\">\n\t\t\tPETITE CALIFORNIE BZH <mark class=\"count\">(54)<\/mark>\t\t<\/h2>\n\t\t<\/a><\/li>\n<li class=\"product-category product last\">\n\t<a aria-label=\"Acc\u00e9der \u00e0 la cat\u00e9gorie de produits SUD BRETAGNE\" href=\"https:\/\/paradiseisnotlost.com\/bzh\/categorie-produit\/affiche-sud-bretagne\/\"><img decoding=\"async\" src=\"https:\/\/paradiseisnotlost.com\/bzh\/wp-content\/uploads\/2025\/08\/25_col_Sud-Bretagne_01.jpg\" alt=\"SUD BRETAGNE\" width=\"1512\" height=\"\" srcset=\"https:\/\/paradiseisnotlost.com\/bzh\/wp-content\/uploads\/2025\/08\/25_col_Sud-Bretagne_01.jpg 960w, https:\/\/paradiseisnotlost.com\/bzh\/wp-content\/uploads\/2025\/08\/25_col_Sud-Bretagne_01-225x300.jpg 225w, https:\/\/paradiseisnotlost.com\/bzh\/wp-content\/uploads\/2025\/08\/25_col_Sud-Bretagne_01-720x960.jpg 720w, https:\/\/paradiseisnotlost.com\/bzh\/wp-content\/uploads\/2025\/08\/25_col_Sud-Bretagne_01-768x1024.jpg 768w\" sizes=\"(max-width: 960px) 100vw, 960px\" \/>\t\t<h2 class=\"woocommerce-loop-category__title\">\n\t\t\tSUD BRETAGNE <mark class=\"count\">(22)<\/mark>\t\t<\/h2>\n\t\t<\/a><\/li>\n<\/ul>\n<\/div>[\/vc_column][\/vc_row]<\/p>\n","protected":false},"excerpt":{"rendered":"<p>[vc_row][vc_column][\/vc_column][\/vc_row]<\/p>\n","protected":false},"author":2,"featured_media":11634,"parent":4758,"menu_order":0,"comment_status":"closed","ping_status":"closed","template":"","meta":{"footnotes":""},"class_list":["post-10698","page","type-page","status-publish","has-post-thumbnail","hentry"],"yoast_head":"<!-- This site is optimized with the Yoast SEO plugin v27.1.1 - https:\/\/yoast.com\/product\/yoast-seo-wordpress\/ -->\n<title>COLLECTIONS Paradiseisnotlost Affiches, photos et tirages d&#039;art<\/title>\n<meta name=\"description\" content=\"Affiches, photos et tirages en collections Art Digital, C\u00f4te d\u2019Amour, La Petite Californie Bretonne, nouveaut\u00e9s, Quis ut Deus?, Sud Bretagne.\" \/>\n<meta name=\"robots\" content=\"index, follow, max-snippet:-1, max-image-preview:large, max-video-preview:-1\" \/>\n<link rel=\"canonical\" href=\"https:\/\/paradiseisnotlost.com\/bzh\/art-shop-paradiseisnotlost\/collections-affiches\/\" \/>\n<meta property=\"og:locale\" content=\"fr_FR\" \/>\n<meta property=\"og:type\" content=\"article\" \/>\n<meta property=\"og:title\" content=\"COLLECTIONS Paradiseisnotlost Affiches, photos et tirages d&#039;art\" \/>\n<meta property=\"og:description\" content=\"Affiches, photos et tirages en collections Art Digital, C\u00f4te d\u2019Amour, La Petite Californie Bretonne, nouveaut\u00e9s, Quis ut Deus?, Sud Bretagne.\" \/>\n<meta property=\"og:url\" content=\"https:\/\/paradiseisnotlost.com\/bzh\/art-shop-paradiseisnotlost\/collections-affiches\/\" \/>\n<meta property=\"og:site_name\" content=\"Paradise is not lost, we design it ! Sud BZH\" \/>\n<meta property=\"article:publisher\" content=\"https:\/\/www.facebook.com\/laptitecalifornie.fr\/\" \/>\n<meta property=\"article:modified_time\" content=\"2025-08-31T11:46:05+00:00\" \/>\n<meta property=\"og:image\" content=\"https:\/\/paradiseisnotlost.com\/bzh\/wp-content\/uploads\/2019\/10\/categorie_01.jpg\" \/>\n\t<meta property=\"og:image:width\" content=\"2112\" \/>\n\t<meta property=\"og:image:height\" content=\"1188\" \/>\n\t<meta property=\"og:image:type\" content=\"image\/jpeg\" \/>\n<meta name=\"twitter:card\" content=\"summary_large_image\" \/>\n<meta name=\"twitter:site\" content=\"@Ptitecalifornie\" \/>\n<meta name=\"twitter:label1\" content=\"Dur\u00e9e de lecture estim\u00e9e\" \/>\n\t<meta name=\"twitter:data1\" content=\"1 minute\" \/>\n<script type=\"application\/ld+json\" class=\"yoast-schema-graph\">{\"@context\":\"https:\/\/schema.org\",\"@graph\":[{\"@type\":\"WebPage\",\"@id\":\"https:\/\/paradiseisnotlost.com\/bzh\/art-shop-paradiseisnotlost\/collections-affiches\/\",\"url\":\"https:\/\/paradiseisnotlost.com\/bzh\/art-shop-paradiseisnotlost\/collections-affiches\/\",\"name\":\"COLLECTIONS Paradiseisnotlost Affiches, photos et tirages d'art\",\"isPartOf\":{\"@id\":\"https:\/\/paradiseisnotlost.com\/bzh\/#website\"},\"primaryImageOfPage\":{\"@id\":\"https:\/\/paradiseisnotlost.com\/bzh\/art-shop-paradiseisnotlost\/collections-affiches\/#primaryimage\"},\"image\":{\"@id\":\"https:\/\/paradiseisnotlost.com\/bzh\/art-shop-paradiseisnotlost\/collections-affiches\/#primaryimage\"},\"thumbnailUrl\":\"https:\/\/paradiseisnotlost.com\/bzh\/wp-content\/uploads\/2019\/10\/categorie_01.jpg\",\"datePublished\":\"2019-10-09T10:17:13+00:00\",\"dateModified\":\"2025-08-31T11:46:05+00:00\",\"description\":\"Affiches, photos et tirages en collections Art Digital, C\u00f4te d\u2019Amour, La Petite Californie Bretonne, nouveaut\u00e9s, Quis ut Deus?, Sud Bretagne.\",\"breadcrumb\":{\"@id\":\"https:\/\/paradiseisnotlost.com\/bzh\/art-shop-paradiseisnotlost\/collections-affiches\/#breadcrumb\"},\"inLanguage\":\"fr-FR\",\"potentialAction\":[{\"@type\":\"ReadAction\",\"target\":[\"https:\/\/paradiseisnotlost.com\/bzh\/art-shop-paradiseisnotlost\/collections-affiches\/\"]}]},{\"@type\":\"ImageObject\",\"inLanguage\":\"fr-FR\",\"@id\":\"https:\/\/paradiseisnotlost.com\/bzh\/art-shop-paradiseisnotlost\/collections-affiches\/#primaryimage\",\"url\":\"https:\/\/paradiseisnotlost.com\/bzh\/wp-content\/uploads\/2019\/10\/categorie_01.jpg\",\"contentUrl\":\"https:\/\/paradiseisnotlost.com\/bzh\/wp-content\/uploads\/2019\/10\/categorie_01.jpg\",\"width\":2112,\"height\":1188,\"caption\":\"\\\"THI\\\" Boutique Paradiseisnotlost Sud Bretagne\"},{\"@type\":\"BreadcrumbList\",\"@id\":\"https:\/\/paradiseisnotlost.com\/bzh\/art-shop-paradiseisnotlost\/collections-affiches\/#breadcrumb\",\"itemListElement\":[{\"@type\":\"ListItem\",\"position\":1,\"name\":\"Accueil\",\"item\":\"https:\/\/paradiseisnotlost.com\/bzh\/\"},{\"@type\":\"ListItem\",\"position\":2,\"name\":\"ART SHOP\",\"item\":\"https:\/\/paradiseisnotlost.com\/bzh\/art-shop-paradiseisnotlost\/\"},{\"@type\":\"ListItem\",\"position\":3,\"name\":\"COLLECTIONS ART-SHOP\"}]},{\"@type\":\"WebSite\",\"@id\":\"https:\/\/paradiseisnotlost.com\/bzh\/#website\",\"url\":\"https:\/\/paradiseisnotlost.com\/bzh\/\",\"name\":\"Paradise is not lost, we design it ! Sud BZH\",\"description\":\"Digital Design : Agence | Art-Shop | Events | Showroom\",\"publisher\":{\"@id\":\"https:\/\/paradiseisnotlost.com\/bzh\/#organization\"},\"potentialAction\":[{\"@type\":\"SearchAction\",\"target\":{\"@type\":\"EntryPoint\",\"urlTemplate\":\"https:\/\/paradiseisnotlost.com\/bzh\/?s={search_term_string}\"},\"query-input\":{\"@type\":\"PropertyValueSpecification\",\"valueRequired\":true,\"valueName\":\"search_term_string\"}}],\"inLanguage\":\"fr-FR\"},{\"@type\":\"Organization\",\"@id\":\"https:\/\/paradiseisnotlost.com\/bzh\/#organization\",\"name\":\"Paradiseisnotlost\",\"url\":\"https:\/\/paradiseisnotlost.com\/bzh\/\",\"logo\":{\"@type\":\"ImageObject\",\"inLanguage\":\"fr-FR\",\"@id\":\"https:\/\/paradiseisnotlost.com\/bzh\/#\/schema\/logo\/image\/\",\"url\":\"https:\/\/paradiseisnotlost.com\/bzh\/wp-content\/uploads\/2019\/05\/19_logo_logo_entet-web_010.png\",\"contentUrl\":\"https:\/\/paradiseisnotlost.com\/bzh\/wp-content\/uploads\/2019\/05\/19_logo_logo_entet-web_010.png\",\"width\":129,\"height\":60,\"caption\":\"Paradiseisnotlost\"},\"image\":{\"@id\":\"https:\/\/paradiseisnotlost.com\/bzh\/#\/schema\/logo\/image\/\"},\"sameAs\":[\"https:\/\/www.facebook.com\/laptitecalifornie.fr\/\",\"https:\/\/x.com\/Ptitecalifornie\",\"https:\/\/www.instagram.com\/paradiseisnotlost44\/\",\"https:\/\/www.pinterest.fr\/paradiseisnotlost\/\"]}]}<\/script>\n<!-- \/ Yoast SEO plugin. -->","yoast_head_json":{"title":"COLLECTIONS Paradiseisnotlost Affiches, photos et tirages d'art","description":"Affiches, photos et tirages en collections Art Digital, C\u00f4te d\u2019Amour, La Petite Californie Bretonne, nouveaut\u00e9s, Quis ut Deus?, Sud Bretagne.","robots":{"index":"index","follow":"follow","max-snippet":"max-snippet:-1","max-image-preview":"max-image-preview:large","max-video-preview":"max-video-preview:-1"},"canonical":"https:\/\/paradiseisnotlost.com\/bzh\/art-shop-paradiseisnotlost\/collections-affiches\/","og_locale":"fr_FR","og_type":"article","og_title":"COLLECTIONS Paradiseisnotlost Affiches, photos et tirages d'art","og_description":"Affiches, photos et tirages en collections Art Digital, C\u00f4te d\u2019Amour, La Petite Californie Bretonne, nouveaut\u00e9s, Quis ut Deus?, Sud Bretagne.","og_url":"https:\/\/paradiseisnotlost.com\/bzh\/art-shop-paradiseisnotlost\/collections-affiches\/","og_site_name":"Paradise is not lost, we design it ! Sud BZH","article_publisher":"https:\/\/www.facebook.com\/laptitecalifornie.fr\/","article_modified_time":"2025-08-31T11:46:05+00:00","og_image":[{"width":2112,"height":1188,"url":"https:\/\/paradiseisnotlost.com\/bzh\/wp-content\/uploads\/2019\/10\/categorie_01.jpg","type":"image\/jpeg"}],"twitter_card":"summary_large_image","twitter_site":"@Ptitecalifornie","twitter_misc":{"Dur\u00e9e de lecture estim\u00e9e":"1 minute"},"schema":{"@context":"https:\/\/schema.org","@graph":[{"@type":"WebPage","@id":"https:\/\/paradiseisnotlost.com\/bzh\/art-shop-paradiseisnotlost\/collections-affiches\/","url":"https:\/\/paradiseisnotlost.com\/bzh\/art-shop-paradiseisnotlost\/collections-affiches\/","name":"COLLECTIONS Paradiseisnotlost Affiches, photos et tirages d'art","isPartOf":{"@id":"https:\/\/paradiseisnotlost.com\/bzh\/#website"},"primaryImageOfPage":{"@id":"https:\/\/paradiseisnotlost.com\/bzh\/art-shop-paradiseisnotlost\/collections-affiches\/#primaryimage"},"image":{"@id":"https:\/\/paradiseisnotlost.com\/bzh\/art-shop-paradiseisnotlost\/collections-affiches\/#primaryimage"},"thumbnailUrl":"https:\/\/paradiseisnotlost.com\/bzh\/wp-content\/uploads\/2019\/10\/categorie_01.jpg","datePublished":"2019-10-09T10:17:13+00:00","dateModified":"2025-08-31T11:46:05+00:00","description":"Affiches, photos et tirages en collections Art Digital, C\u00f4te d\u2019Amour, La Petite Californie Bretonne, nouveaut\u00e9s, Quis ut Deus?, Sud Bretagne.","breadcrumb":{"@id":"https:\/\/paradiseisnotlost.com\/bzh\/art-shop-paradiseisnotlost\/collections-affiches\/#breadcrumb"},"inLanguage":"fr-FR","potentialAction":[{"@type":"ReadAction","target":["https:\/\/paradiseisnotlost.com\/bzh\/art-shop-paradiseisnotlost\/collections-affiches\/"]}]},{"@type":"ImageObject","inLanguage":"fr-FR","@id":"https:\/\/paradiseisnotlost.com\/bzh\/art-shop-paradiseisnotlost\/collections-affiches\/#primaryimage","url":"https:\/\/paradiseisnotlost.com\/bzh\/wp-content\/uploads\/2019\/10\/categorie_01.jpg","contentUrl":"https:\/\/paradiseisnotlost.com\/bzh\/wp-content\/uploads\/2019\/10\/categorie_01.jpg","width":2112,"height":1188,"caption":"\"THI\" Boutique Paradiseisnotlost Sud Bretagne"},{"@type":"BreadcrumbList","@id":"https:\/\/paradiseisnotlost.com\/bzh\/art-shop-paradiseisnotlost\/collections-affiches\/#breadcrumb","itemListElement":[{"@type":"ListItem","position":1,"name":"Accueil","item":"https:\/\/paradiseisnotlost.com\/bzh\/"},{"@type":"ListItem","position":2,"name":"ART SHOP","item":"https:\/\/paradiseisnotlost.com\/bzh\/art-shop-paradiseisnotlost\/"},{"@type":"ListItem","position":3,"name":"COLLECTIONS ART-SHOP"}]},{"@type":"WebSite","@id":"https:\/\/paradiseisnotlost.com\/bzh\/#website","url":"https:\/\/paradiseisnotlost.com\/bzh\/","name":"Paradise is not lost, we design it ! Sud BZH","description":"Digital Design : Agence | Art-Shop | Events | Showroom","publisher":{"@id":"https:\/\/paradiseisnotlost.com\/bzh\/#organization"},"potentialAction":[{"@type":"SearchAction","target":{"@type":"EntryPoint","urlTemplate":"https:\/\/paradiseisnotlost.com\/bzh\/?s={search_term_string}"},"query-input":{"@type":"PropertyValueSpecification","valueRequired":true,"valueName":"search_term_string"}}],"inLanguage":"fr-FR"},{"@type":"Organization","@id":"https:\/\/paradiseisnotlost.com\/bzh\/#organization","name":"Paradiseisnotlost","url":"https:\/\/paradiseisnotlost.com\/bzh\/","logo":{"@type":"ImageObject","inLanguage":"fr-FR","@id":"https:\/\/paradiseisnotlost.com\/bzh\/#\/schema\/logo\/image\/","url":"https:\/\/paradiseisnotlost.com\/bzh\/wp-content\/uploads\/2019\/05\/19_logo_logo_entet-web_010.png","contentUrl":"https:\/\/paradiseisnotlost.com\/bzh\/wp-content\/uploads\/2019\/05\/19_logo_logo_entet-web_010.png","width":129,"height":60,"caption":"Paradiseisnotlost"},"image":{"@id":"https:\/\/paradiseisnotlost.com\/bzh\/#\/schema\/logo\/image\/"},"sameAs":["https:\/\/www.facebook.com\/laptitecalifornie.fr\/","https:\/\/x.com\/Ptitecalifornie","https:\/\/www.instagram.com\/paradiseisnotlost44\/","https:\/\/www.pinterest.fr\/paradiseisnotlost\/"]}]}},"_links":{"self":[{"href":"https:\/\/paradiseisnotlost.com\/bzh\/wp-json\/wp\/v2\/pages\/10698","targetHints":{"allow":["GET"]}}],"collection":[{"href":"https:\/\/paradiseisnotlost.com\/bzh\/wp-json\/wp\/v2\/pages"}],"about":[{"href":"https:\/\/paradiseisnotlost.com\/bzh\/wp-json\/wp\/v2\/types\/page"}],"author":[{"embeddable":true,"href":"https:\/\/paradiseisnotlost.com\/bzh\/wp-json\/wp\/v2\/users\/2"}],"replies":[{"embeddable":true,"href":"https:\/\/paradiseisnotlost.com\/bzh\/wp-json\/wp\/v2\/comments?post=10698"}],"version-history":[{"count":5,"href":"https:\/\/paradiseisnotlost.com\/bzh\/wp-json\/wp\/v2\/pages\/10698\/revisions"}],"predecessor-version":[{"id":59619,"href":"https:\/\/paradiseisnotlost.com\/bzh\/wp-json\/wp\/v2\/pages\/10698\/revisions\/59619"}],"up":[{"embeddable":true,"href":"https:\/\/paradiseisnotlost.com\/bzh\/wp-json\/wp\/v2\/pages\/4758"}],"wp:featuredmedia":[{"embeddable":true,"href":"https:\/\/paradiseisnotlost.com\/bzh\/wp-json\/wp\/v2\/media\/11634"}],"wp:attachment":[{"href":"https:\/\/paradiseisnotlost.com\/bzh\/wp-json\/wp\/v2\/media?parent=10698"}],"curies":[{"name":"wp","href":"https:\/\/api.w.org\/{rel}","templated":true}]}}