{"id":855,"date":"2016-02-03T10:33:16","date_gmt":"2016-02-03T10:33:16","guid":{"rendered":"http:\/\/demo.themelogi.com\/roneous\/cart\/"},"modified":"2025-08-09T13:57:43","modified_gmt":"2025-08-09T11:57:43","slug":"panier","status":"publish","type":"page","link":"https:\/\/paradiseisnotlost.com\/bzh\/panier\/","title":{"rendered":"PANIER ART-SHOP"},"content":{"rendered":"<p>[vc_row][vc_column][vc_column_text]<\/p>\n<blockquote>\n<p style=\"text-align: left;\">Exp\u00e9ditions hors FRANCE m\u00e9tropolitaine et tirages d&rsquo;art personnalis\u00e9s tous formats et supports <a href=\"#form\">nous contacter<\/a>.<\/p>\n<\/blockquote>\n\n<p style=\"text-align: center;\"><em><strong>Prix Net, <\/strong>TVA non applicable, Art. 293 B CGI \u2013 FRA.<\/em><\/p>\n<div id=\"form\"><\/div>\n<hr \/>\n<h3 style=\"text-align: center;\">CONT@CT<\/h3>\n<p style=\"text-align: center;\"><strong>06 59 38 03 77<\/strong><\/p>\n<div class=\"wpcf7 no-js\" id=\"wpcf7-f55695-o1\" lang=\"en-US\" dir=\"ltr\" data-wpcf7-id=\"55695\">\n<div class=\"screen-reader-response\"><p role=\"status\" aria-live=\"polite\" aria-atomic=\"true\"><\/p> <ul><\/ul><\/div>\n<form action=\"\/bzh\/wp-json\/wp\/v2\/pages\/855#wpcf7-f55695-o1\" method=\"post\" class=\"wpcf7-form init\" aria-label=\"Contact form\" novalidate=\"novalidate\" data-status=\"init\">\n<fieldset class=\"hidden-fields-container\"><input type=\"hidden\" name=\"_wpcf7\" value=\"55695\" \/><input type=\"hidden\" name=\"_wpcf7_version\" value=\"6.1.5\" \/><input type=\"hidden\" name=\"_wpcf7_locale\" value=\"en_US\" \/><input type=\"hidden\" name=\"_wpcf7_unit_tag\" value=\"wpcf7-f55695-o1\" \/><input type=\"hidden\" name=\"_wpcf7_container_post\" value=\"0\" \/><input type=\"hidden\" name=\"_wpcf7_posted_data_hash\" value=\"\" \/><input type=\"hidden\" name=\"_wpcf7_recaptcha_response\" value=\"\" \/>\n<\/fieldset>\n<div class=\"overflow-hidden\">\n\t<div class=\"half-column half-column-left\">\n\t\t<p><span class=\"wpcf7-form-control-wrap\" data-name=\"your-name\"><input size=\"40\" maxlength=\"400\" class=\"wpcf7-form-control wpcf7-text wpcf7-validates-as-required\" aria-required=\"true\" aria-invalid=\"false\" placeholder=\"Nom*\" value=\"\" type=\"text\" name=\"your-name\" \/><\/span>\n\t\t<\/p>\n\t<\/div>\n\t<div class=\"half-column half-column-right\">\n\t\t<p><span class=\"wpcf7-form-control-wrap\" data-name=\"text-220\"><input size=\"40\" maxlength=\"400\" class=\"wpcf7-form-control wpcf7-text wpcf7-validates-as-required\" aria-required=\"true\" aria-invalid=\"false\" placeholder=\"Pr\u00e9nom*\" value=\"\" type=\"text\" name=\"text-220\" \/><\/span>\n\t\t<\/p>\n\t<\/div>\n\t<div class=\"half-column half-column-left\">\n\t\t<p><span class=\"wpcf7-form-control-wrap\" data-name=\"your-email\"><input size=\"40\" maxlength=\"400\" class=\"wpcf7-form-control wpcf7-email wpcf7-validates-as-required wpcf7-text wpcf7-validates-as-email\" aria-required=\"true\" aria-invalid=\"false\" placeholder=\"E-mail*\" value=\"\" type=\"email\" name=\"your-email\" \/><\/span>\n\t\t<\/p>\n\t<\/div>\n\t<div class=\"half-column half-column-right\">\n\t\t<p><span class=\"wpcf7-form-control-wrap\" data-name=\"tel-744\"><input size=\"40\" maxlength=\"400\" class=\"wpcf7-form-control wpcf7-tel wpcf7-validates-as-required wpcf7-text wpcf7-validates-as-tel\" aria-required=\"true\" aria-invalid=\"false\" placeholder=\"T\u00e9l.*\" value=\"\" type=\"tel\" name=\"tel-744\" \/><\/span>\n\t\t<\/p>\n\t<\/div>\n<\/div>\n<p><span class=\"wpcf7-form-control-wrap\" data-name=\"your-subject\"><input size=\"40\" maxlength=\"400\" class=\"wpcf7-form-control wpcf7-text wpcf7-validates-as-required\" aria-required=\"true\" aria-invalid=\"false\" placeholder=\"Sujet*\" value=\"\" type=\"text\" name=\"your-subject\" \/><\/span><span class=\"wpcf7-form-control-wrap\" data-name=\"your-message\"><textarea cols=\"40\" rows=\"10\" maxlength=\"2000\" class=\"wpcf7-form-control wpcf7-textarea wpcf7-validates-as-required\" aria-required=\"true\" aria-invalid=\"false\" placeholder=\"Message*\" name=\"your-message\"><\/textarea><\/span>\n<\/p>\n<p class=\"aligncenter small-width\"><input class=\"wpcf7-form-control wpcf7-submit has-spinner\" type=\"submit\" value=\"Envoyer\" \/>\n<\/p><div class=\"wpcf7-response-output\" aria-hidden=\"true\"><\/div>\n<\/form>\n<\/div>\n[\/vc_column_text][\/vc_column][\/vc_row]<\/p>\n","protected":false},"excerpt":{"rendered":"<p>[vc_row][vc_column][vc_column_text] Exp\u00e9ditions hors FRANCE m\u00e9tropolitaine et tirages d&rsquo;art personnalis\u00e9s tous formats et supports nous contacter. Prix Net, TVA&#8230;<\/p>\n","protected":false},"author":1,"featured_media":8620,"parent":0,"menu_order":0,"comment_status":"closed","ping_status":"closed","template":"","meta":{"footnotes":""},"class_list":["post-855","page","type-page","status-publish","has-post-thumbnail","hentry"],"yoast_head":"<!-- This site is optimized with the Yoast SEO plugin v27.5 - https:\/\/yoast.com\/product\/yoast-seo-wordpress\/ -->\n<title>PANIER ART-SHOP - Paradise is not lost, we design it ! Sud BZH<\/title>\n<meta name=\"description\" content=\"Panier commandes affiches et tirages d&#039;art aux influences Sud Bretagne des collections \u00e9volutives de Paradiseisnotlost\" \/>\n<meta name=\"robots\" content=\"index, follow, max-snippet:-1, max-image-preview:large, max-video-preview:-1\" \/>\n<link rel=\"canonical\" href=\"https:\/\/paradiseisnotlost.com\/bzh\/panier\/\" \/>\n<meta property=\"og:locale\" content=\"fr_FR\" \/>\n<meta property=\"og:type\" content=\"article\" \/>\n<meta property=\"og:title\" content=\"PANIER ART-SHOP - Paradise is not lost, we design it ! Sud BZH\" \/>\n<meta property=\"og:description\" content=\"Panier commandes affiches et tirages d&#039;art aux influences Sud Bretagne des collections \u00e9volutives de Paradiseisnotlost\" \/>\n<meta property=\"og:url\" content=\"https:\/\/paradiseisnotlost.com\/bzh\/panier\/\" \/>\n<meta property=\"og:site_name\" content=\"Paradise is not lost, we design it ! Sud BZH\" \/>\n<meta property=\"article:publisher\" content=\"https:\/\/www.facebook.com\/laptitecalifornie.fr\/\" \/>\n<meta property=\"article:modified_time\" content=\"2025-08-09T11:57:43+00:00\" \/>\n<meta property=\"og:image\" content=\"https:\/\/paradiseisnotlost.com\/bzh\/wp-content\/uploads\/2019\/09\/1920x1080_panier_02.jpg\" \/>\n\t<meta property=\"og:image:width\" content=\"1920\" \/>\n\t<meta property=\"og:image:height\" content=\"1080\" \/>\n\t<meta property=\"og:image:type\" content=\"image\/jpeg\" \/>\n<meta name=\"twitter:card\" content=\"summary_large_image\" \/>\n<meta name=\"twitter:site\" content=\"@Ptitecalifornie\" \/>\n<meta name=\"twitter:label1\" content=\"Dur\u00e9e de lecture estim\u00e9e\" \/>\n\t<meta name=\"twitter:data1\" content=\"1 minute\" \/>\n<script type=\"application\/ld+json\" class=\"yoast-schema-graph\">{\"@context\":\"https:\\\/\\\/schema.org\",\"@graph\":[{\"@type\":\"WebPage\",\"@id\":\"https:\\\/\\\/paradiseisnotlost.com\\\/bzh\\\/panier\\\/\",\"url\":\"https:\\\/\\\/paradiseisnotlost.com\\\/bzh\\\/panier\\\/\",\"name\":\"PANIER ART-SHOP - Paradise is not lost, we design it ! Sud BZH\",\"isPartOf\":{\"@id\":\"https:\\\/\\\/paradiseisnotlost.com\\\/bzh\\\/#website\"},\"primaryImageOfPage\":{\"@id\":\"https:\\\/\\\/paradiseisnotlost.com\\\/bzh\\\/panier\\\/#primaryimage\"},\"image\":{\"@id\":\"https:\\\/\\\/paradiseisnotlost.com\\\/bzh\\\/panier\\\/#primaryimage\"},\"thumbnailUrl\":\"https:\\\/\\\/paradiseisnotlost.com\\\/bzh\\\/wp-content\\\/uploads\\\/2019\\\/09\\\/1920x1080_panier_02.jpg\",\"datePublished\":\"2016-02-03T10:33:16+00:00\",\"dateModified\":\"2025-08-09T11:57:43+00:00\",\"description\":\"Panier commandes affiches et tirages d'art aux influences Sud Bretagne des collections \u00e9volutives de Paradiseisnotlost\",\"breadcrumb\":{\"@id\":\"https:\\\/\\\/paradiseisnotlost.com\\\/bzh\\\/panier\\\/#breadcrumb\"},\"inLanguage\":\"fr-FR\",\"potentialAction\":[{\"@type\":\"ReadAction\",\"target\":[\"https:\\\/\\\/paradiseisnotlost.com\\\/bzh\\\/panier\\\/\"]}]},{\"@type\":\"ImageObject\",\"inLanguage\":\"fr-FR\",\"@id\":\"https:\\\/\\\/paradiseisnotlost.com\\\/bzh\\\/panier\\\/#primaryimage\",\"url\":\"https:\\\/\\\/paradiseisnotlost.com\\\/bzh\\\/wp-content\\\/uploads\\\/2019\\\/09\\\/1920x1080_panier_02.jpg\",\"contentUrl\":\"https:\\\/\\\/paradiseisnotlost.com\\\/bzh\\\/wp-content\\\/uploads\\\/2019\\\/09\\\/1920x1080_panier_02.jpg\",\"width\":1920,\"height\":1080,\"caption\":\"Quis Ut Deus?\"},{\"@type\":\"BreadcrumbList\",\"@id\":\"https:\\\/\\\/paradiseisnotlost.com\\\/bzh\\\/panier\\\/#breadcrumb\",\"itemListElement\":[{\"@type\":\"ListItem\",\"position\":1,\"name\":\"Accueil\",\"item\":\"https:\\\/\\\/paradiseisnotlost.com\\\/bzh\\\/\"},{\"@type\":\"ListItem\",\"position\":2,\"name\":\"PANIER ART-SHOP\"}]},{\"@type\":\"WebSite\",\"@id\":\"https:\\\/\\\/paradiseisnotlost.com\\\/bzh\\\/#website\",\"url\":\"https:\\\/\\\/paradiseisnotlost.com\\\/bzh\\\/\",\"name\":\"Paradise is not lost, we design it ! Sud BZH\",\"description\":\"Digital Design : Agence | Art-Shop | Events | Showroom\",\"publisher\":{\"@id\":\"https:\\\/\\\/paradiseisnotlost.com\\\/bzh\\\/#organization\"},\"potentialAction\":[{\"@type\":\"SearchAction\",\"target\":{\"@type\":\"EntryPoint\",\"urlTemplate\":\"https:\\\/\\\/paradiseisnotlost.com\\\/bzh\\\/?s={search_term_string}\"},\"query-input\":{\"@type\":\"PropertyValueSpecification\",\"valueRequired\":true,\"valueName\":\"search_term_string\"}}],\"inLanguage\":\"fr-FR\"},{\"@type\":\"Organization\",\"@id\":\"https:\\\/\\\/paradiseisnotlost.com\\\/bzh\\\/#organization\",\"name\":\"Paradiseisnotlost\",\"url\":\"https:\\\/\\\/paradiseisnotlost.com\\\/bzh\\\/\",\"logo\":{\"@type\":\"ImageObject\",\"inLanguage\":\"fr-FR\",\"@id\":\"https:\\\/\\\/paradiseisnotlost.com\\\/bzh\\\/#\\\/schema\\\/logo\\\/image\\\/\",\"url\":\"https:\\\/\\\/paradiseisnotlost.com\\\/bzh\\\/wp-content\\\/uploads\\\/2019\\\/05\\\/19_logo_logo_entet-web_010.png\",\"contentUrl\":\"https:\\\/\\\/paradiseisnotlost.com\\\/bzh\\\/wp-content\\\/uploads\\\/2019\\\/05\\\/19_logo_logo_entet-web_010.png\",\"width\":129,\"height\":60,\"caption\":\"Paradiseisnotlost\"},\"image\":{\"@id\":\"https:\\\/\\\/paradiseisnotlost.com\\\/bzh\\\/#\\\/schema\\\/logo\\\/image\\\/\"},\"sameAs\":[\"https:\\\/\\\/www.facebook.com\\\/laptitecalifornie.fr\\\/\",\"https:\\\/\\\/x.com\\\/Ptitecalifornie\",\"https:\\\/\\\/www.instagram.com\\\/paradiseisnotlost44\\\/\",\"https:\\\/\\\/www.pinterest.fr\\\/paradiseisnotlost\\\/\"]}]}<\/script>\n<!-- \/ Yoast SEO plugin. -->","yoast_head_json":{"title":"PANIER ART-SHOP - Paradise is not lost, we design it ! Sud BZH","description":"Panier commandes affiches et tirages d'art aux influences Sud Bretagne des collections \u00e9volutives de Paradiseisnotlost","robots":{"index":"index","follow":"follow","max-snippet":"max-snippet:-1","max-image-preview":"max-image-preview:large","max-video-preview":"max-video-preview:-1"},"canonical":"https:\/\/paradiseisnotlost.com\/bzh\/panier\/","og_locale":"fr_FR","og_type":"article","og_title":"PANIER ART-SHOP - Paradise is not lost, we design it ! Sud BZH","og_description":"Panier commandes affiches et tirages d'art aux influences Sud Bretagne des collections \u00e9volutives de Paradiseisnotlost","og_url":"https:\/\/paradiseisnotlost.com\/bzh\/panier\/","og_site_name":"Paradise is not lost, we design it ! Sud BZH","article_publisher":"https:\/\/www.facebook.com\/laptitecalifornie.fr\/","article_modified_time":"2025-08-09T11:57:43+00:00","og_image":[{"width":1920,"height":1080,"url":"https:\/\/paradiseisnotlost.com\/bzh\/wp-content\/uploads\/2019\/09\/1920x1080_panier_02.jpg","type":"image\/jpeg"}],"twitter_card":"summary_large_image","twitter_site":"@Ptitecalifornie","twitter_misc":{"Dur\u00e9e de lecture estim\u00e9e":"1 minute"},"schema":{"@context":"https:\/\/schema.org","@graph":[{"@type":"WebPage","@id":"https:\/\/paradiseisnotlost.com\/bzh\/panier\/","url":"https:\/\/paradiseisnotlost.com\/bzh\/panier\/","name":"PANIER ART-SHOP - Paradise is not lost, we design it ! Sud BZH","isPartOf":{"@id":"https:\/\/paradiseisnotlost.com\/bzh\/#website"},"primaryImageOfPage":{"@id":"https:\/\/paradiseisnotlost.com\/bzh\/panier\/#primaryimage"},"image":{"@id":"https:\/\/paradiseisnotlost.com\/bzh\/panier\/#primaryimage"},"thumbnailUrl":"https:\/\/paradiseisnotlost.com\/bzh\/wp-content\/uploads\/2019\/09\/1920x1080_panier_02.jpg","datePublished":"2016-02-03T10:33:16+00:00","dateModified":"2025-08-09T11:57:43+00:00","description":"Panier commandes affiches et tirages d'art aux influences Sud Bretagne des collections \u00e9volutives de Paradiseisnotlost","breadcrumb":{"@id":"https:\/\/paradiseisnotlost.com\/bzh\/panier\/#breadcrumb"},"inLanguage":"fr-FR","potentialAction":[{"@type":"ReadAction","target":["https:\/\/paradiseisnotlost.com\/bzh\/panier\/"]}]},{"@type":"ImageObject","inLanguage":"fr-FR","@id":"https:\/\/paradiseisnotlost.com\/bzh\/panier\/#primaryimage","url":"https:\/\/paradiseisnotlost.com\/bzh\/wp-content\/uploads\/2019\/09\/1920x1080_panier_02.jpg","contentUrl":"https:\/\/paradiseisnotlost.com\/bzh\/wp-content\/uploads\/2019\/09\/1920x1080_panier_02.jpg","width":1920,"height":1080,"caption":"Quis Ut Deus?"},{"@type":"BreadcrumbList","@id":"https:\/\/paradiseisnotlost.com\/bzh\/panier\/#breadcrumb","itemListElement":[{"@type":"ListItem","position":1,"name":"Accueil","item":"https:\/\/paradiseisnotlost.com\/bzh\/"},{"@type":"ListItem","position":2,"name":"PANIER ART-SHOP"}]},{"@type":"WebSite","@id":"https:\/\/paradiseisnotlost.com\/bzh\/#website","url":"https:\/\/paradiseisnotlost.com\/bzh\/","name":"Paradise is not lost, we design it ! Sud BZH","description":"Digital Design : Agence | Art-Shop | Events | Showroom","publisher":{"@id":"https:\/\/paradiseisnotlost.com\/bzh\/#organization"},"potentialAction":[{"@type":"SearchAction","target":{"@type":"EntryPoint","urlTemplate":"https:\/\/paradiseisnotlost.com\/bzh\/?s={search_term_string}"},"query-input":{"@type":"PropertyValueSpecification","valueRequired":true,"valueName":"search_term_string"}}],"inLanguage":"fr-FR"},{"@type":"Organization","@id":"https:\/\/paradiseisnotlost.com\/bzh\/#organization","name":"Paradiseisnotlost","url":"https:\/\/paradiseisnotlost.com\/bzh\/","logo":{"@type":"ImageObject","inLanguage":"fr-FR","@id":"https:\/\/paradiseisnotlost.com\/bzh\/#\/schema\/logo\/image\/","url":"https:\/\/paradiseisnotlost.com\/bzh\/wp-content\/uploads\/2019\/05\/19_logo_logo_entet-web_010.png","contentUrl":"https:\/\/paradiseisnotlost.com\/bzh\/wp-content\/uploads\/2019\/05\/19_logo_logo_entet-web_010.png","width":129,"height":60,"caption":"Paradiseisnotlost"},"image":{"@id":"https:\/\/paradiseisnotlost.com\/bzh\/#\/schema\/logo\/image\/"},"sameAs":["https:\/\/www.facebook.com\/laptitecalifornie.fr\/","https:\/\/x.com\/Ptitecalifornie","https:\/\/www.instagram.com\/paradiseisnotlost44\/","https:\/\/www.pinterest.fr\/paradiseisnotlost\/"]}]}},"_links":{"self":[{"href":"https:\/\/paradiseisnotlost.com\/bzh\/wp-json\/wp\/v2\/pages\/855","targetHints":{"allow":["GET"]}}],"collection":[{"href":"https:\/\/paradiseisnotlost.com\/bzh\/wp-json\/wp\/v2\/pages"}],"about":[{"href":"https:\/\/paradiseisnotlost.com\/bzh\/wp-json\/wp\/v2\/types\/page"}],"author":[{"embeddable":true,"href":"https:\/\/paradiseisnotlost.com\/bzh\/wp-json\/wp\/v2\/users\/1"}],"replies":[{"embeddable":true,"href":"https:\/\/paradiseisnotlost.com\/bzh\/wp-json\/wp\/v2\/comments?post=855"}],"version-history":[{"count":23,"href":"https:\/\/paradiseisnotlost.com\/bzh\/wp-json\/wp\/v2\/pages\/855\/revisions"}],"predecessor-version":[{"id":59074,"href":"https:\/\/paradiseisnotlost.com\/bzh\/wp-json\/wp\/v2\/pages\/855\/revisions\/59074"}],"wp:featuredmedia":[{"embeddable":true,"href":"https:\/\/paradiseisnotlost.com\/bzh\/wp-json\/wp\/v2\/media\/8620"}],"wp:attachment":[{"href":"https:\/\/paradiseisnotlost.com\/bzh\/wp-json\/wp\/v2\/media?parent=855"}],"curies":[{"name":"wp","href":"https:\/\/api.w.org\/{rel}","templated":true}]}}