{"id":52934,"date":"2022-06-06T15:11:31","date_gmt":"2022-06-06T13:11:31","guid":{"rendered":"https:\/\/paradiseisnotlost.com\/bzh\/?post_type=product&#038;p=52934"},"modified":"2025-12-04T16:24:40","modified_gmt":"2025-12-04T15:24:40","slug":"affiche-hulot-blue","status":"publish","type":"product","link":"https:\/\/paradiseisnotlost.com\/bzh\/catalogue\/la-petite-californie-bretonne\/affiche-hulot-blue\/","title":{"rendered":"Mr HULOT MATIN BLEU"},"content":{"rendered":"<div id=\"attachment_60395\" style=\"width: 1090px\" class=\"wp-caption aligncenter\"><img loading=\"lazy\" decoding=\"async\" aria-describedby=\"caption-attachment-60395\" class=\"wp-image-60395 size-full\" src=\"https:\/\/paradiseisnotlost.com\/bzh\/wp-content\/uploads\/2022\/06\/MATIN-BLEU_01-1.jpg\" alt=\"\" width=\"1080\" height=\"1080\" srcset=\"https:\/\/paradiseisnotlost.com\/bzh\/wp-content\/uploads\/2022\/06\/MATIN-BLEU_01-1.jpg 1080w, https:\/\/paradiseisnotlost.com\/bzh\/wp-content\/uploads\/2022\/06\/MATIN-BLEU_01-1-300x300.jpg 300w, https:\/\/paradiseisnotlost.com\/bzh\/wp-content\/uploads\/2022\/06\/MATIN-BLEU_01-1-150x150.jpg 150w, https:\/\/paradiseisnotlost.com\/bzh\/wp-content\/uploads\/2022\/06\/MATIN-BLEU_01-1-768x768.jpg 768w, https:\/\/paradiseisnotlost.com\/bzh\/wp-content\/uploads\/2022\/06\/MATIN-BLEU_01-1-60x60.jpg 60w, https:\/\/paradiseisnotlost.com\/bzh\/wp-content\/uploads\/2022\/06\/MATIN-BLEU_01-1-100x100.jpg 100w\" sizes=\"auto, (max-width: 1080px) 100vw, 1080px\" \/><p id=\"caption-attachment-60395\" class=\"wp-caption-text\">Design photo, Paradiseisnotlost\u00a9 2025. Digital Symbolic Design de la C\u00f4te d&rsquo;Amour propos\u00e9s en fichiers num\u00e9riques \u00e0 usage exclusivement priv\u00e9\u00a0 (Licence d&rsquo;exploitation professionnelle pour les fichiers num\u00e9riques <a href=\"#form\">nous contacter<\/a>). Propos\u00e9s en diff\u00e9rents formats d&rsquo;impressions et <strong>disponible en tirages d&rsquo;art<\/strong> (30pi\u00e8ces), sign\u00e9s, num\u00e9rot\u00e9s et certifi\u00e9s aux formats et supports personnalis\u00e9s (Alu-Dibond, Chromaluxe, verre acrylique, papiers d&rsquo;art&#8230;) <a href=\"#form\">sur\u00a0devis<\/a>.<\/p><\/div>\n<div id=\"form\"><\/div>\n<hr \/>\n<h3>CONT@CT<\/h3>\n\n<div class=\"wpcf7 no-js\" id=\"wpcf7-f55695-o1\" lang=\"en-US\" dir=\"ltr\" data-wpcf7-id=\"55695\">\n<div class=\"screen-reader-response\"><p role=\"status\" aria-live=\"polite\" aria-atomic=\"true\"><\/p> <ul><\/ul><\/div>\n<form action=\"\/bzh\/wp-json\/wp\/v2\/product\/52934#wpcf7-f55695-o1\" method=\"post\" class=\"wpcf7-form init\" aria-label=\"Contact form\" novalidate=\"novalidate\" data-status=\"init\">\n<fieldset class=\"hidden-fields-container\"><input type=\"hidden\" name=\"_wpcf7\" value=\"55695\" \/><input type=\"hidden\" name=\"_wpcf7_version\" value=\"6.1.5\" \/><input type=\"hidden\" name=\"_wpcf7_locale\" value=\"en_US\" \/><input type=\"hidden\" name=\"_wpcf7_unit_tag\" value=\"wpcf7-f55695-o1\" \/><input type=\"hidden\" name=\"_wpcf7_container_post\" value=\"0\" \/><input type=\"hidden\" name=\"_wpcf7_posted_data_hash\" value=\"\" \/><input type=\"hidden\" name=\"_wpcf7_recaptcha_response\" value=\"\" \/>\n<\/fieldset>\n<div class=\"overflow-hidden\">\n\t<div class=\"half-column half-column-left\">\n\t\t<p><span class=\"wpcf7-form-control-wrap\" data-name=\"your-name\"><input size=\"40\" maxlength=\"400\" class=\"wpcf7-form-control wpcf7-text wpcf7-validates-as-required\" aria-required=\"true\" aria-invalid=\"false\" placeholder=\"Nom*\" value=\"\" type=\"text\" name=\"your-name\" \/><\/span>\n\t\t<\/p>\n\t<\/div>\n\t<div class=\"half-column half-column-right\">\n\t\t<p><span class=\"wpcf7-form-control-wrap\" data-name=\"text-220\"><input size=\"40\" maxlength=\"400\" class=\"wpcf7-form-control wpcf7-text wpcf7-validates-as-required\" aria-required=\"true\" aria-invalid=\"false\" placeholder=\"Pr\u00e9nom*\" value=\"\" type=\"text\" name=\"text-220\" \/><\/span>\n\t\t<\/p>\n\t<\/div>\n\t<div class=\"half-column half-column-left\">\n\t\t<p><span class=\"wpcf7-form-control-wrap\" data-name=\"your-email\"><input size=\"40\" maxlength=\"400\" class=\"wpcf7-form-control wpcf7-email wpcf7-validates-as-required wpcf7-text wpcf7-validates-as-email\" aria-required=\"true\" aria-invalid=\"false\" placeholder=\"E-mail*\" value=\"\" type=\"email\" name=\"your-email\" \/><\/span>\n\t\t<\/p>\n\t<\/div>\n\t<div class=\"half-column half-column-right\">\n\t\t<p><span class=\"wpcf7-form-control-wrap\" data-name=\"tel-744\"><input size=\"40\" maxlength=\"400\" class=\"wpcf7-form-control wpcf7-tel wpcf7-validates-as-required wpcf7-text wpcf7-validates-as-tel\" aria-required=\"true\" aria-invalid=\"false\" placeholder=\"T\u00e9l.*\" value=\"\" type=\"tel\" name=\"tel-744\" \/><\/span>\n\t\t<\/p>\n\t<\/div>\n<\/div>\n<p><span class=\"wpcf7-form-control-wrap\" data-name=\"your-subject\"><input size=\"40\" maxlength=\"400\" class=\"wpcf7-form-control wpcf7-text wpcf7-validates-as-required\" aria-required=\"true\" aria-invalid=\"false\" placeholder=\"Sujet*\" value=\"\" type=\"text\" name=\"your-subject\" \/><\/span><span class=\"wpcf7-form-control-wrap\" data-name=\"your-message\"><textarea cols=\"40\" rows=\"10\" maxlength=\"2000\" class=\"wpcf7-form-control wpcf7-textarea wpcf7-validates-as-required\" aria-required=\"true\" aria-invalid=\"false\" placeholder=\"Message*\" name=\"your-message\"><\/textarea><\/span>\n<\/p>\n<p class=\"aligncenter small-width\"><input class=\"wpcf7-form-control wpcf7-submit has-spinner\" type=\"submit\" value=\"Envoyer\" \/>\n<\/p><div class=\"wpcf7-response-output\" aria-hidden=\"true\"><\/div>\n<\/form>\n<\/div>\n\n","protected":false},"excerpt":{"rendered":"<p>CONT@CT<\/p>\n","protected":false},"featured_media":60398,"template":"","meta":[],"product_brand":[],"product_cat":[145,575],"product_tag":[586,424,195,199,193,196,409],"class_list":{"0":"post-52934","1":"product","2":"type-product","3":"status-publish","4":"has-post-thumbnail","6":"product_cat-la-petite-californie-bretonne","7":"product_cat-telechargeable","8":"product_tag-bleu","9":"product_tag-meraviglia","10":"product_tag-monsieur-hulot","11":"product_tag-paquebot","12":"product_tag-photo","13":"product_tag-saint-marc-sur-mer","14":"product_tag-sunrise","16":"first","17":"instock","18":"shipping-taxable","19":"purchasable","20":"product-type-variable","21":"has-default-attributes"},"yoast_head":"<!-- This site is optimized with the Yoast SEO plugin v27.3 - https:\/\/yoast.com\/product\/yoast-seo-wordpress\/ -->\n<title>Mr HULOT MATIN BLEU Affiches et tirages d&#039;art SAINT-NAZAIRE<\/title>\n<meta name=\"description\" content=\"Affiches et tirages d&#039;art &quot;BLUE HULOT &quot; Monsieur HULOT Saint-Marc\/Mer - La Petite Californie BZH Digital Symbolic Design Sud Bretagne\" \/>\n<meta name=\"robots\" content=\"index, follow, max-snippet:-1, max-image-preview:large, max-video-preview:-1\" \/>\n<link rel=\"canonical\" href=\"https:\/\/paradiseisnotlost.com\/bzh\/catalogue\/la-petite-californie-bretonne\/affiche-hulot-blue\/\" \/>\n<meta property=\"og:locale\" content=\"fr_FR\" \/>\n<meta property=\"og:type\" content=\"article\" \/>\n<meta property=\"og:title\" content=\"Mr HULOT MATIN BLEU Affiches et tirages d&#039;art SAINT-NAZAIRE\" \/>\n<meta property=\"og:description\" content=\"Affiches et tirages d&#039;art &quot;BLUE HULOT &quot; Monsieur HULOT Saint-Marc\/Mer - La Petite Californie BZH Digital Symbolic Design Sud Bretagne\" \/>\n<meta property=\"og:url\" content=\"https:\/\/paradiseisnotlost.com\/bzh\/catalogue\/la-petite-californie-bretonne\/affiche-hulot-blue\/\" \/>\n<meta property=\"og:site_name\" content=\"Paradise is not lost, we design it ! Sud BZH\" \/>\n<meta property=\"article:publisher\" content=\"https:\/\/www.facebook.com\/laptitecalifornie.fr\/\" \/>\n<meta property=\"article:modified_time\" content=\"2025-12-04T15:24:40+00:00\" \/>\n<meta property=\"og:image\" content=\"https:\/\/paradiseisnotlost.com\/bzh\/wp-content\/uploads\/2022\/10\/MATIN-BLEU_01_1.jpg\" \/>\n\t<meta property=\"og:image:width\" content=\"1080\" \/>\n\t<meta property=\"og:image:height\" content=\"1512\" \/>\n\t<meta property=\"og:image:type\" content=\"image\/jpeg\" \/>\n<meta name=\"twitter:card\" content=\"summary_large_image\" \/>\n<meta name=\"twitter:site\" content=\"@Ptitecalifornie\" \/>\n<meta name=\"twitter:label1\" content=\"Dur\u00e9e de lecture estim\u00e9e\" \/>\n\t<meta name=\"twitter:data1\" content=\"1 minute\" \/>\n<script type=\"application\/ld+json\" class=\"yoast-schema-graph\">{\"@context\":\"https:\\\/\\\/schema.org\",\"@graph\":[{\"@type\":\"WebPage\",\"@id\":\"https:\\\/\\\/paradiseisnotlost.com\\\/bzh\\\/catalogue\\\/la-petite-californie-bretonne\\\/affiche-hulot-blue\\\/\",\"url\":\"https:\\\/\\\/paradiseisnotlost.com\\\/bzh\\\/catalogue\\\/la-petite-californie-bretonne\\\/affiche-hulot-blue\\\/\",\"name\":\"Mr HULOT MATIN BLEU Affiches et tirages d'art SAINT-NAZAIRE\",\"isPartOf\":{\"@id\":\"https:\\\/\\\/paradiseisnotlost.com\\\/bzh\\\/#website\"},\"primaryImageOfPage\":{\"@id\":\"https:\\\/\\\/paradiseisnotlost.com\\\/bzh\\\/catalogue\\\/la-petite-californie-bretonne\\\/affiche-hulot-blue\\\/#primaryimage\"},\"image\":{\"@id\":\"https:\\\/\\\/paradiseisnotlost.com\\\/bzh\\\/catalogue\\\/la-petite-californie-bretonne\\\/affiche-hulot-blue\\\/#primaryimage\"},\"thumbnailUrl\":\"https:\\\/\\\/paradiseisnotlost.com\\\/bzh\\\/wp-content\\\/uploads\\\/2022\\\/10\\\/MATIN-BLEU_01_1.jpg\",\"datePublished\":\"2022-06-06T13:11:31+00:00\",\"dateModified\":\"2025-12-04T15:24:40+00:00\",\"description\":\"Affiches et tirages d'art \\\"BLUE HULOT \\\" Monsieur HULOT Saint-Marc\\\/Mer - La Petite Californie BZH Digital Symbolic Design Sud Bretagne\",\"breadcrumb\":{\"@id\":\"https:\\\/\\\/paradiseisnotlost.com\\\/bzh\\\/catalogue\\\/la-petite-californie-bretonne\\\/affiche-hulot-blue\\\/#breadcrumb\"},\"inLanguage\":\"fr-FR\",\"potentialAction\":[{\"@type\":\"ReadAction\",\"target\":[\"https:\\\/\\\/paradiseisnotlost.com\\\/bzh\\\/catalogue\\\/la-petite-californie-bretonne\\\/affiche-hulot-blue\\\/\"]}]},{\"@type\":\"ImageObject\",\"inLanguage\":\"fr-FR\",\"@id\":\"https:\\\/\\\/paradiseisnotlost.com\\\/bzh\\\/catalogue\\\/la-petite-californie-bretonne\\\/affiche-hulot-blue\\\/#primaryimage\",\"url\":\"https:\\\/\\\/paradiseisnotlost.com\\\/bzh\\\/wp-content\\\/uploads\\\/2022\\\/10\\\/MATIN-BLEU_01_1.jpg\",\"contentUrl\":\"https:\\\/\\\/paradiseisnotlost.com\\\/bzh\\\/wp-content\\\/uploads\\\/2022\\\/10\\\/MATIN-BLEU_01_1.jpg\",\"width\":1080,\"height\":1512,\"caption\":\"Design photo, Paradiseisnotlost\u00a9 2025. Digital Symbolic Design des territoires de La petite Cafifornie Bretonne disponibles en fichiers num\u00e9riques \u00e0 usage exclusivement priv\u00e9 et diff\u00e9rents formats d'impressions. Tirages d'art (30pi\u00e8ces), sign\u00e9s, num\u00e9rot\u00e9s et certifi\u00e9s aux formats et supports personnalis\u00e9s (Alu-Dibond, Chromaluxe, verre acrylique, papiers d'art...) sur\u00a0devis. Licence d'exploitation professionnelle pour les fichiers num\u00e9riques nous contacter.\"},{\"@type\":\"BreadcrumbList\",\"@id\":\"https:\\\/\\\/paradiseisnotlost.com\\\/bzh\\\/catalogue\\\/la-petite-californie-bretonne\\\/affiche-hulot-blue\\\/#breadcrumb\",\"itemListElement\":[{\"@type\":\"ListItem\",\"position\":1,\"name\":\"Accueil\",\"item\":\"https:\\\/\\\/paradiseisnotlost.com\\\/bzh\\\/\"},{\"@type\":\"ListItem\",\"position\":2,\"name\":\"THI* CATALOGUE Affiches et Tirages d&rsquo;Art &#8211; Sud BZH\",\"item\":\"https:\\\/\\\/paradiseisnotlost.com\\\/bzh\\\/catalogue-boutique\\\/\"},{\"@type\":\"ListItem\",\"position\":3,\"name\":\"PETITE CALIFORNIE BZH\",\"item\":\"https:\\\/\\\/paradiseisnotlost.com\\\/bzh\\\/categorie-produit\\\/la-petite-californie-bretonne\\\/\"},{\"@type\":\"ListItem\",\"position\":4,\"name\":\"Mr HULOT MATIN BLEU\"}]},{\"@type\":\"WebSite\",\"@id\":\"https:\\\/\\\/paradiseisnotlost.com\\\/bzh\\\/#website\",\"url\":\"https:\\\/\\\/paradiseisnotlost.com\\\/bzh\\\/\",\"name\":\"Paradise is not lost, we design it ! Sud BZH\",\"description\":\"Digital Design : Agence | Art-Shop | Events | Showroom\",\"publisher\":{\"@id\":\"https:\\\/\\\/paradiseisnotlost.com\\\/bzh\\\/#organization\"},\"potentialAction\":[{\"@type\":\"SearchAction\",\"target\":{\"@type\":\"EntryPoint\",\"urlTemplate\":\"https:\\\/\\\/paradiseisnotlost.com\\\/bzh\\\/?s={search_term_string}\"},\"query-input\":{\"@type\":\"PropertyValueSpecification\",\"valueRequired\":true,\"valueName\":\"search_term_string\"}}],\"inLanguage\":\"fr-FR\"},{\"@type\":\"Organization\",\"@id\":\"https:\\\/\\\/paradiseisnotlost.com\\\/bzh\\\/#organization\",\"name\":\"Paradiseisnotlost\",\"url\":\"https:\\\/\\\/paradiseisnotlost.com\\\/bzh\\\/\",\"logo\":{\"@type\":\"ImageObject\",\"inLanguage\":\"fr-FR\",\"@id\":\"https:\\\/\\\/paradiseisnotlost.com\\\/bzh\\\/#\\\/schema\\\/logo\\\/image\\\/\",\"url\":\"https:\\\/\\\/paradiseisnotlost.com\\\/bzh\\\/wp-content\\\/uploads\\\/2019\\\/05\\\/19_logo_logo_entet-web_010.png\",\"contentUrl\":\"https:\\\/\\\/paradiseisnotlost.com\\\/bzh\\\/wp-content\\\/uploads\\\/2019\\\/05\\\/19_logo_logo_entet-web_010.png\",\"width\":129,\"height\":60,\"caption\":\"Paradiseisnotlost\"},\"image\":{\"@id\":\"https:\\\/\\\/paradiseisnotlost.com\\\/bzh\\\/#\\\/schema\\\/logo\\\/image\\\/\"},\"sameAs\":[\"https:\\\/\\\/www.facebook.com\\\/laptitecalifornie.fr\\\/\",\"https:\\\/\\\/x.com\\\/Ptitecalifornie\",\"https:\\\/\\\/www.instagram.com\\\/paradiseisnotlost44\\\/\",\"https:\\\/\\\/www.pinterest.fr\\\/paradiseisnotlost\\\/\"]}]}<\/script>\n<!-- \/ Yoast SEO plugin. -->","yoast_head_json":{"title":"Mr HULOT MATIN BLEU Affiches et tirages d'art SAINT-NAZAIRE","description":"Affiches et tirages d'art \"BLUE HULOT \" Monsieur HULOT Saint-Marc\/Mer - La Petite Californie BZH Digital Symbolic Design Sud Bretagne","robots":{"index":"index","follow":"follow","max-snippet":"max-snippet:-1","max-image-preview":"max-image-preview:large","max-video-preview":"max-video-preview:-1"},"canonical":"https:\/\/paradiseisnotlost.com\/bzh\/catalogue\/la-petite-californie-bretonne\/affiche-hulot-blue\/","og_locale":"fr_FR","og_type":"article","og_title":"Mr HULOT MATIN BLEU Affiches et tirages d'art SAINT-NAZAIRE","og_description":"Affiches et tirages d'art \"BLUE HULOT \" Monsieur HULOT Saint-Marc\/Mer - La Petite Californie BZH Digital Symbolic Design Sud Bretagne","og_url":"https:\/\/paradiseisnotlost.com\/bzh\/catalogue\/la-petite-californie-bretonne\/affiche-hulot-blue\/","og_site_name":"Paradise is not lost, we design it ! Sud BZH","article_publisher":"https:\/\/www.facebook.com\/laptitecalifornie.fr\/","article_modified_time":"2025-12-04T15:24:40+00:00","og_image":[{"width":1080,"height":1512,"url":"https:\/\/paradiseisnotlost.com\/bzh\/wp-content\/uploads\/2022\/10\/MATIN-BLEU_01_1.jpg","type":"image\/jpeg"}],"twitter_card":"summary_large_image","twitter_site":"@Ptitecalifornie","twitter_misc":{"Dur\u00e9e de lecture estim\u00e9e":"1 minute"},"schema":{"@context":"https:\/\/schema.org","@graph":[{"@type":"WebPage","@id":"https:\/\/paradiseisnotlost.com\/bzh\/catalogue\/la-petite-californie-bretonne\/affiche-hulot-blue\/","url":"https:\/\/paradiseisnotlost.com\/bzh\/catalogue\/la-petite-californie-bretonne\/affiche-hulot-blue\/","name":"Mr HULOT MATIN BLEU Affiches et tirages d'art SAINT-NAZAIRE","isPartOf":{"@id":"https:\/\/paradiseisnotlost.com\/bzh\/#website"},"primaryImageOfPage":{"@id":"https:\/\/paradiseisnotlost.com\/bzh\/catalogue\/la-petite-californie-bretonne\/affiche-hulot-blue\/#primaryimage"},"image":{"@id":"https:\/\/paradiseisnotlost.com\/bzh\/catalogue\/la-petite-californie-bretonne\/affiche-hulot-blue\/#primaryimage"},"thumbnailUrl":"https:\/\/paradiseisnotlost.com\/bzh\/wp-content\/uploads\/2022\/10\/MATIN-BLEU_01_1.jpg","datePublished":"2022-06-06T13:11:31+00:00","dateModified":"2025-12-04T15:24:40+00:00","description":"Affiches et tirages d'art \"BLUE HULOT \" Monsieur HULOT Saint-Marc\/Mer - La Petite Californie BZH Digital Symbolic Design Sud Bretagne","breadcrumb":{"@id":"https:\/\/paradiseisnotlost.com\/bzh\/catalogue\/la-petite-californie-bretonne\/affiche-hulot-blue\/#breadcrumb"},"inLanguage":"fr-FR","potentialAction":[{"@type":"ReadAction","target":["https:\/\/paradiseisnotlost.com\/bzh\/catalogue\/la-petite-californie-bretonne\/affiche-hulot-blue\/"]}]},{"@type":"ImageObject","inLanguage":"fr-FR","@id":"https:\/\/paradiseisnotlost.com\/bzh\/catalogue\/la-petite-californie-bretonne\/affiche-hulot-blue\/#primaryimage","url":"https:\/\/paradiseisnotlost.com\/bzh\/wp-content\/uploads\/2022\/10\/MATIN-BLEU_01_1.jpg","contentUrl":"https:\/\/paradiseisnotlost.com\/bzh\/wp-content\/uploads\/2022\/10\/MATIN-BLEU_01_1.jpg","width":1080,"height":1512,"caption":"Design photo, Paradiseisnotlost\u00a9 2025. Digital Symbolic Design des territoires de La petite Cafifornie Bretonne disponibles en fichiers num\u00e9riques \u00e0 usage exclusivement priv\u00e9 et diff\u00e9rents formats d'impressions. Tirages d'art (30pi\u00e8ces), sign\u00e9s, num\u00e9rot\u00e9s et certifi\u00e9s aux formats et supports personnalis\u00e9s (Alu-Dibond, Chromaluxe, verre acrylique, papiers d'art...) sur\u00a0devis. Licence d'exploitation professionnelle pour les fichiers num\u00e9riques nous contacter."},{"@type":"BreadcrumbList","@id":"https:\/\/paradiseisnotlost.com\/bzh\/catalogue\/la-petite-californie-bretonne\/affiche-hulot-blue\/#breadcrumb","itemListElement":[{"@type":"ListItem","position":1,"name":"Accueil","item":"https:\/\/paradiseisnotlost.com\/bzh\/"},{"@type":"ListItem","position":2,"name":"THI* CATALOGUE Affiches et Tirages d&rsquo;Art &#8211; Sud BZH","item":"https:\/\/paradiseisnotlost.com\/bzh\/catalogue-boutique\/"},{"@type":"ListItem","position":3,"name":"PETITE CALIFORNIE BZH","item":"https:\/\/paradiseisnotlost.com\/bzh\/categorie-produit\/la-petite-californie-bretonne\/"},{"@type":"ListItem","position":4,"name":"Mr HULOT MATIN BLEU"}]},{"@type":"WebSite","@id":"https:\/\/paradiseisnotlost.com\/bzh\/#website","url":"https:\/\/paradiseisnotlost.com\/bzh\/","name":"Paradise is not lost, we design it ! Sud BZH","description":"Digital Design : Agence | Art-Shop | Events | Showroom","publisher":{"@id":"https:\/\/paradiseisnotlost.com\/bzh\/#organization"},"potentialAction":[{"@type":"SearchAction","target":{"@type":"EntryPoint","urlTemplate":"https:\/\/paradiseisnotlost.com\/bzh\/?s={search_term_string}"},"query-input":{"@type":"PropertyValueSpecification","valueRequired":true,"valueName":"search_term_string"}}],"inLanguage":"fr-FR"},{"@type":"Organization","@id":"https:\/\/paradiseisnotlost.com\/bzh\/#organization","name":"Paradiseisnotlost","url":"https:\/\/paradiseisnotlost.com\/bzh\/","logo":{"@type":"ImageObject","inLanguage":"fr-FR","@id":"https:\/\/paradiseisnotlost.com\/bzh\/#\/schema\/logo\/image\/","url":"https:\/\/paradiseisnotlost.com\/bzh\/wp-content\/uploads\/2019\/05\/19_logo_logo_entet-web_010.png","contentUrl":"https:\/\/paradiseisnotlost.com\/bzh\/wp-content\/uploads\/2019\/05\/19_logo_logo_entet-web_010.png","width":129,"height":60,"caption":"Paradiseisnotlost"},"image":{"@id":"https:\/\/paradiseisnotlost.com\/bzh\/#\/schema\/logo\/image\/"},"sameAs":["https:\/\/www.facebook.com\/laptitecalifornie.fr\/","https:\/\/x.com\/Ptitecalifornie","https:\/\/www.instagram.com\/paradiseisnotlost44\/","https:\/\/www.pinterest.fr\/paradiseisnotlost\/"]}]}},"_links":{"self":[{"href":"https:\/\/paradiseisnotlost.com\/bzh\/wp-json\/wp\/v2\/product\/52934","targetHints":{"allow":["GET"]}}],"collection":[{"href":"https:\/\/paradiseisnotlost.com\/bzh\/wp-json\/wp\/v2\/product"}],"about":[{"href":"https:\/\/paradiseisnotlost.com\/bzh\/wp-json\/wp\/v2\/types\/product"}],"wp:featuredmedia":[{"embeddable":true,"href":"https:\/\/paradiseisnotlost.com\/bzh\/wp-json\/wp\/v2\/media\/60398"}],"wp:attachment":[{"href":"https:\/\/paradiseisnotlost.com\/bzh\/wp-json\/wp\/v2\/media?parent=52934"}],"wp:term":[{"taxonomy":"product_brand","embeddable":true,"href":"https:\/\/paradiseisnotlost.com\/bzh\/wp-json\/wp\/v2\/product_brand?post=52934"},{"taxonomy":"product_cat","embeddable":true,"href":"https:\/\/paradiseisnotlost.com\/bzh\/wp-json\/wp\/v2\/product_cat?post=52934"},{"taxonomy":"product_tag","embeddable":true,"href":"https:\/\/paradiseisnotlost.com\/bzh\/wp-json\/wp\/v2\/product_tag?post=52934"}],"curies":[{"name":"wp","href":"https:\/\/api.w.org\/{rel}","templated":true}]}}