{"id":54068,"date":"2020-09-23T17:03:15","date_gmt":"2020-09-23T15:03:15","guid":{"rendered":"https:\/\/paradiseisnotlost.com\/bzh\/?post_type=product&#038;p=54068"},"modified":"2026-01-22T16:49:32","modified_gmt":"2026-01-22T15:49:32","slug":"affiche-saint-nazaire-2","status":"publish","type":"product","link":"https:\/\/paradiseisnotlost.com\/bzh\/catalogue\/la-petite-californie-bretonne\/affiche-saint-nazaire-2\/","title":{"rendered":"SAINT-NAZAIRE FUSION II 50&#215;70"},"content":{"rendered":"<p style=\"text-align: center;\">D\u00c9STOCKAGE AFFICHE<\/p>\n<blockquote><p>Infographie illustration &#8211; 1<sup>\u00e9re<\/sup> \u00c9dition 2021 : THE BRIDGE L&rsquo;ACCOMPLISSEMENT <sup>\u00a9<\/sup>Paradiseisnotlost.<\/p><\/blockquote>\n<p style=\"text-align: center;\"><strong>Autres supports disponibles <a href=\"#form\">sur devis<\/a><\/strong><br \/>\n<em>Alu bross\u00e9, Alu-Dibond, Chromaluxe, toile, verre acrylique, proc\u00e9d\u00e9 Champollion, papiers d\u2019art : Hahnem\u00fchle, Torchon &#8230;<\/em><\/p>\n<div class=\"clearfix mt16\"><ul class=\"carousel-padding-item slides\"><li><a href=\"https:\/\/paradiseisnotlost.com\/bzh\/wp-content\/uploads\/2022\/10\/252_SUPPORT_11.jpg\" data-lightbox=\"true\" data-title=\"Impression direct sur Plexi mat ou brillant 5 mm\">\n\t    \t\t    \t\t<div class=\"bg-overlay\">\n\t    \t\t    \t\t\t<img decoding=\"async\" src=\"https:\/\/paradiseisnotlost.com\/bzh\/wp-content\/uploads\/2022\/10\/252_SUPPORT_11.jpg\" alt=\"gallery-item\" \/>\n\t    \t\t    \t\t\t<div class=\"bg-mask mask-white\"><i class=\"ti-plus\"><\/i><\/div>\n\t    \t\t    \t\t<\/div><\/a><\/li><li><a href=\"https:\/\/paradiseisnotlost.com\/bzh\/wp-content\/uploads\/2022\/10\/252_SUPPORT_01.jpg\" data-lightbox=\"true\" data-title=\"Syst\u00e8me d&#039;accroche grands formats\">\n\t    \t\t    \t\t<div class=\"bg-overlay\">\n\t    \t\t    \t\t\t<img decoding=\"async\" src=\"https:\/\/paradiseisnotlost.com\/bzh\/wp-content\/uploads\/2022\/10\/252_SUPPORT_01.jpg\" alt=\"gallery-item\" \/>\n\t    \t\t    \t\t\t<div class=\"bg-mask mask-white\"><i class=\"ti-plus\"><\/i><\/div>\n\t    \t\t    \t\t<\/div><\/a><\/li><li><a href=\"https:\/\/paradiseisnotlost.com\/bzh\/wp-content\/uploads\/2022\/10\/252_SUPPORT_02.jpg\" data-lightbox=\"true\" data-title=\"Syst\u00e8me d&#039;accroche 3M \">\n\t    \t\t    \t\t<div class=\"bg-overlay\">\n\t    \t\t    \t\t\t<img decoding=\"async\" src=\"https:\/\/paradiseisnotlost.com\/bzh\/wp-content\/uploads\/2022\/10\/252_SUPPORT_02.jpg\" alt=\"gallery-item\" \/>\n\t    \t\t    \t\t\t<div class=\"bg-mask mask-white\"><i class=\"ti-plus\"><\/i><\/div>\n\t    \t\t    \t\t<\/div><\/a><\/li><li><a href=\"https:\/\/paradiseisnotlost.com\/bzh\/wp-content\/uploads\/2022\/10\/252_SUPPORT_05.jpg\" data-lightbox=\"true\" data-title=\"Encadrement sur demande\">\n\t    \t\t    \t\t<div class=\"bg-overlay\">\n\t    \t\t    \t\t\t<img decoding=\"async\" src=\"https:\/\/paradiseisnotlost.com\/bzh\/wp-content\/uploads\/2022\/10\/252_SUPPORT_05.jpg\" alt=\"gallery-item\" \/>\n\t    \t\t    \t\t\t<div class=\"bg-mask mask-white\"><i class=\"ti-plus\"><\/i><\/div>\n\t    \t\t    \t\t<\/div><\/a><\/li><li><a href=\"https:\/\/paradiseisnotlost.com\/bzh\/wp-content\/uploads\/2022\/10\/252_SUPPORT_07.jpg\" data-lightbox=\"true\" data-title=\"Impression directe sur Black Forex 10 mm\">\n\t    \t\t    \t\t<div class=\"bg-overlay\">\n\t    \t\t    \t\t\t<img decoding=\"async\" src=\"https:\/\/paradiseisnotlost.com\/bzh\/wp-content\/uploads\/2022\/10\/252_SUPPORT_07.jpg\" alt=\"gallery-item\" \/>\n\t    \t\t    \t\t\t<div class=\"bg-mask mask-white\"><i class=\"ti-plus\"><\/i><\/div>\n\t    \t\t    \t\t<\/div><\/a><\/li><li><a href=\"https:\/\/paradiseisnotlost.com\/bzh\/wp-content\/uploads\/2022\/10\/252_SUPPORT_03.jpg\" data-lightbox=\"true\" data-title=\"Subligraphie thermique sur Chomaluxe 2 mm\">\n\t    \t\t    \t\t<div class=\"bg-overlay\">\n\t    \t\t    \t\t\t<img decoding=\"async\" src=\"https:\/\/paradiseisnotlost.com\/bzh\/wp-content\/uploads\/2022\/10\/252_SUPPORT_03.jpg\" alt=\"gallery-item\" \/>\n\t    \t\t    \t\t\t<div class=\"bg-mask mask-white\"><i class=\"ti-plus\"><\/i><\/div>\n\t    \t\t    \t\t<\/div><\/a><\/li><li><a href=\"https:\/\/paradiseisnotlost.com\/bzh\/wp-content\/uploads\/2022\/10\/252_SUPPORT_10.jpg\" data-lightbox=\"true\" data-title=\"Large choix de papiers d&#039;art Fine Art\">\n\t    \t\t    \t\t<div class=\"bg-overlay\">\n\t    \t\t    \t\t\t<img decoding=\"async\" src=\"https:\/\/paradiseisnotlost.com\/bzh\/wp-content\/uploads\/2022\/10\/252_SUPPORT_10.jpg\" alt=\"gallery-item\" \/>\n\t    \t\t    \t\t\t<div class=\"bg-mask mask-white\"><i class=\"ti-plus\"><\/i><\/div>\n\t    \t\t    \t\t<\/div><\/a><\/li><li><a href=\"https:\/\/paradiseisnotlost.com\/bzh\/wp-content\/uploads\/2022\/10\/252_SUPPORT_12.jpg\" data-lightbox=\"true\" data-title=\"Impression directe sur Alu Dibond 2 mm\">\n\t    \t\t    \t\t<div class=\"bg-overlay\">\n\t    \t\t    \t\t\t<img decoding=\"async\" src=\"https:\/\/paradiseisnotlost.com\/bzh\/wp-content\/uploads\/2022\/10\/252_SUPPORT_12.jpg\" alt=\"gallery-item\" \/>\n\t    \t\t    \t\t\t<div class=\"bg-mask mask-white\"><i class=\"ti-plus\"><\/i><\/div>\n\t    \t\t    \t\t<\/div><\/a><\/li><li><a href=\"https:\/\/paradiseisnotlost.com\/bzh\/wp-content\/uploads\/2022\/10\/252_SUPPORT_04.jpg\" data-lightbox=\"true\" data-title=\"Plexi|  Fine Art | Alu Dibond\">\n\t    \t\t    \t\t<div class=\"bg-overlay\">\n\t    \t\t    \t\t\t<img decoding=\"async\" src=\"https:\/\/paradiseisnotlost.com\/bzh\/wp-content\/uploads\/2022\/10\/252_SUPPORT_04.jpg\" alt=\"gallery-item\" \/>\n\t    \t\t    \t\t\t<div class=\"bg-mask mask-white\"><i class=\"ti-plus\"><\/i><\/div>\n\t    \t\t    \t\t<\/div><\/a><\/li><\/ul><\/div>\n<div id=\"form\"><\/div>\n<hr \/>\n<h3>CONT@CT<\/h3>\n\n<div class=\"wpcf7 no-js\" id=\"wpcf7-f55695-o1\" lang=\"en-US\" dir=\"ltr\" data-wpcf7-id=\"55695\">\n<div class=\"screen-reader-response\"><p role=\"status\" aria-live=\"polite\" aria-atomic=\"true\"><\/p> <ul><\/ul><\/div>\n<form action=\"\/bzh\/wp-json\/wp\/v2\/product\/54068#wpcf7-f55695-o1\" method=\"post\" class=\"wpcf7-form init\" aria-label=\"Contact form\" novalidate=\"novalidate\" data-status=\"init\">\n<fieldset class=\"hidden-fields-container\"><input type=\"hidden\" name=\"_wpcf7\" value=\"55695\" \/><input type=\"hidden\" name=\"_wpcf7_version\" value=\"6.1.5\" \/><input type=\"hidden\" name=\"_wpcf7_locale\" value=\"en_US\" \/><input type=\"hidden\" name=\"_wpcf7_unit_tag\" value=\"wpcf7-f55695-o1\" \/><input type=\"hidden\" name=\"_wpcf7_container_post\" value=\"0\" \/><input type=\"hidden\" name=\"_wpcf7_posted_data_hash\" value=\"\" \/><input type=\"hidden\" name=\"_wpcf7_recaptcha_response\" value=\"\" \/>\n<\/fieldset>\n<div class=\"overflow-hidden\">\n\t<div class=\"half-column half-column-left\">\n\t\t<p><span class=\"wpcf7-form-control-wrap\" data-name=\"your-name\"><input size=\"40\" maxlength=\"400\" class=\"wpcf7-form-control wpcf7-text wpcf7-validates-as-required\" aria-required=\"true\" aria-invalid=\"false\" placeholder=\"Nom*\" value=\"\" type=\"text\" name=\"your-name\" \/><\/span>\n\t\t<\/p>\n\t<\/div>\n\t<div class=\"half-column half-column-right\">\n\t\t<p><span class=\"wpcf7-form-control-wrap\" data-name=\"text-220\"><input size=\"40\" maxlength=\"400\" class=\"wpcf7-form-control wpcf7-text wpcf7-validates-as-required\" aria-required=\"true\" aria-invalid=\"false\" placeholder=\"Pr\u00e9nom*\" value=\"\" type=\"text\" name=\"text-220\" \/><\/span>\n\t\t<\/p>\n\t<\/div>\n\t<div class=\"half-column half-column-left\">\n\t\t<p><span class=\"wpcf7-form-control-wrap\" data-name=\"your-email\"><input size=\"40\" maxlength=\"400\" class=\"wpcf7-form-control wpcf7-email wpcf7-validates-as-required wpcf7-text wpcf7-validates-as-email\" aria-required=\"true\" aria-invalid=\"false\" placeholder=\"E-mail*\" value=\"\" type=\"email\" name=\"your-email\" \/><\/span>\n\t\t<\/p>\n\t<\/div>\n\t<div class=\"half-column half-column-right\">\n\t\t<p><span class=\"wpcf7-form-control-wrap\" data-name=\"tel-744\"><input size=\"40\" maxlength=\"400\" class=\"wpcf7-form-control wpcf7-tel wpcf7-validates-as-required wpcf7-text wpcf7-validates-as-tel\" aria-required=\"true\" aria-invalid=\"false\" placeholder=\"T\u00e9l.*\" value=\"\" type=\"tel\" name=\"tel-744\" \/><\/span>\n\t\t<\/p>\n\t<\/div>\n<\/div>\n<p><span class=\"wpcf7-form-control-wrap\" data-name=\"your-subject\"><input size=\"40\" maxlength=\"400\" class=\"wpcf7-form-control wpcf7-text wpcf7-validates-as-required\" aria-required=\"true\" aria-invalid=\"false\" placeholder=\"Sujet*\" value=\"\" type=\"text\" name=\"your-subject\" \/><\/span><span class=\"wpcf7-form-control-wrap\" data-name=\"your-message\"><textarea cols=\"40\" rows=\"10\" maxlength=\"2000\" class=\"wpcf7-form-control wpcf7-textarea wpcf7-validates-as-required\" aria-required=\"true\" aria-invalid=\"false\" placeholder=\"Message*\" name=\"your-message\"><\/textarea><\/span>\n<\/p>\n<p class=\"aligncenter small-width\"><input class=\"wpcf7-form-control wpcf7-submit has-spinner\" type=\"submit\" value=\"Envoyer\" \/>\n<\/p><div class=\"wpcf7-response-output\" aria-hidden=\"true\"><\/div>\n<\/form>\n<\/div>\n\n","protected":false},"excerpt":{"rendered":"<p><em><strong>D\u00e9stockage affiche :<\/strong> SAINT-NAZAIRE FUSION II. Impression 50X70 cm sur papier couch\u00e9 mat 170 g, vendue sans cadre. <strong>Livraison <\/strong>FRANCE m\u00e9tropolitaine<strong> incluse. <\/strong><\/em><br \/>\n<em>Prix Net.<\/em><\/p>\n","protected":false},"featured_media":59084,"template":"","meta":[],"product_brand":[],"product_cat":[530,145],"product_tag":[203,527,532,202,204,200,197,205,201,538,534],"class_list":{"0":"post-54068","1":"product","2":"type-product","3":"status-publish","4":"has-post-thumbnail","6":"product_cat-destock","7":"product_cat-la-petite-californie-bretonne","8":"product_tag-belouga","9":"product_tag-full-moon","10":"product_tag-illustration","11":"product_tag-pont-de-saint-nazaire","12":"product_tag-port-de-saint-nazaire","13":"product_tag-queen-mary-2","14":"product_tag-saint-nazaire","15":"product_tag-sammy","16":"product_tag-the-bridge","17":"product_tag-ultimes","18":"product_tag-voiles","20":"first","21":"instock","22":"sale","23":"featured","24":"shipping-taxable","25":"purchasable","26":"product-type-simple"},"yoast_head":"<!-- This site is optimized with the Yoast SEO plugin v27.1.1 - https:\/\/yoast.com\/product\/yoast-seo-wordpress\/ -->\n<title>SAINT-NAZAIRE FUSION II 50x70 Affiches Saint-Nazaire Fusion 2<\/title>\n<meta name=\"description\" content=\"Affiche SAINT-NAZAIRE FUSION N\u00b02 | Pont de Saint-Nazaire, p\u00eacherie, paquebots et B\u00e9louga. Encadrements et autres tirages sur demande\" \/>\n<meta name=\"robots\" content=\"index, follow, max-snippet:-1, max-image-preview:large, max-video-preview:-1\" \/>\n<link rel=\"canonical\" href=\"https:\/\/paradiseisnotlost.com\/bzh\/catalogue\/la-petite-californie-bretonne\/affiche-saint-nazaire-2\/\" \/>\n<meta property=\"og:locale\" content=\"fr_FR\" \/>\n<meta property=\"og:type\" content=\"article\" \/>\n<meta property=\"og:title\" content=\"SAINT-NAZAIRE FUSION II 50x70 Affiches Saint-Nazaire Fusion 2\" \/>\n<meta property=\"og:description\" content=\"Affiche SAINT-NAZAIRE FUSION N\u00b02 | Pont de Saint-Nazaire, p\u00eacherie, paquebots et B\u00e9louga. Encadrements et autres tirages sur demande\" \/>\n<meta property=\"og:url\" content=\"https:\/\/paradiseisnotlost.com\/bzh\/catalogue\/la-petite-californie-bretonne\/affiche-saint-nazaire-2\/\" \/>\n<meta property=\"og:site_name\" content=\"Paradise is not lost, we design it ! Sud BZH\" \/>\n<meta property=\"article:publisher\" content=\"https:\/\/www.facebook.com\/laptitecalifornie.fr\/\" \/>\n<meta property=\"article:modified_time\" content=\"2026-01-22T15:49:32+00:00\" \/>\n<meta property=\"og:image\" content=\"https:\/\/paradiseisnotlost.com\/bzh\/wp-content\/uploads\/2023\/07\/FUSION_02.jpg\" \/>\n\t<meta property=\"og:image:width\" content=\"1080\" \/>\n\t<meta property=\"og:image:height\" content=\"1512\" \/>\n\t<meta property=\"og:image:type\" content=\"image\/jpeg\" \/>\n<meta name=\"twitter:card\" content=\"summary_large_image\" \/>\n<meta name=\"twitter:site\" content=\"@Ptitecalifornie\" \/>\n<meta name=\"twitter:label1\" content=\"Dur\u00e9e de lecture estim\u00e9e\" \/>\n\t<meta name=\"twitter:data1\" content=\"1 minute\" \/>\n<script type=\"application\/ld+json\" class=\"yoast-schema-graph\">{\"@context\":\"https:\/\/schema.org\",\"@graph\":[{\"@type\":\"WebPage\",\"@id\":\"https:\/\/paradiseisnotlost.com\/bzh\/catalogue\/la-petite-californie-bretonne\/affiche-saint-nazaire-2\/\",\"url\":\"https:\/\/paradiseisnotlost.com\/bzh\/catalogue\/la-petite-californie-bretonne\/affiche-saint-nazaire-2\/\",\"name\":\"SAINT-NAZAIRE FUSION II 50x70 Affiches Saint-Nazaire Fusion 2\",\"isPartOf\":{\"@id\":\"https:\/\/paradiseisnotlost.com\/bzh\/#website\"},\"primaryImageOfPage\":{\"@id\":\"https:\/\/paradiseisnotlost.com\/bzh\/catalogue\/la-petite-californie-bretonne\/affiche-saint-nazaire-2\/#primaryimage\"},\"image\":{\"@id\":\"https:\/\/paradiseisnotlost.com\/bzh\/catalogue\/la-petite-californie-bretonne\/affiche-saint-nazaire-2\/#primaryimage\"},\"thumbnailUrl\":\"https:\/\/paradiseisnotlost.com\/bzh\/wp-content\/uploads\/2023\/07\/FUSION_02.jpg\",\"datePublished\":\"2020-09-23T15:03:15+00:00\",\"dateModified\":\"2026-01-22T15:49:32+00:00\",\"description\":\"Affiche SAINT-NAZAIRE FUSION N\u00b02 | Pont de Saint-Nazaire, p\u00eacherie, paquebots et B\u00e9louga. Encadrements et autres tirages sur demande\",\"breadcrumb\":{\"@id\":\"https:\/\/paradiseisnotlost.com\/bzh\/catalogue\/la-petite-californie-bretonne\/affiche-saint-nazaire-2\/#breadcrumb\"},\"inLanguage\":\"fr-FR\",\"potentialAction\":[{\"@type\":\"ReadAction\",\"target\":[\"https:\/\/paradiseisnotlost.com\/bzh\/catalogue\/la-petite-californie-bretonne\/affiche-saint-nazaire-2\/\"]}]},{\"@type\":\"ImageObject\",\"inLanguage\":\"fr-FR\",\"@id\":\"https:\/\/paradiseisnotlost.com\/bzh\/catalogue\/la-petite-californie-bretonne\/affiche-saint-nazaire-2\/#primaryimage\",\"url\":\"https:\/\/paradiseisnotlost.com\/bzh\/wp-content\/uploads\/2023\/07\/FUSION_02.jpg\",\"contentUrl\":\"https:\/\/paradiseisnotlost.com\/bzh\/wp-content\/uploads\/2023\/07\/FUSION_02.jpg\",\"width\":1080,\"height\":1512,\"caption\":\"D\u00e9stockage affiche 50x70 cm SAINT-NAZAIRE FUSION II\"},{\"@type\":\"BreadcrumbList\",\"@id\":\"https:\/\/paradiseisnotlost.com\/bzh\/catalogue\/la-petite-californie-bretonne\/affiche-saint-nazaire-2\/#breadcrumb\",\"itemListElement\":[{\"@type\":\"ListItem\",\"position\":1,\"name\":\"Accueil\",\"item\":\"https:\/\/paradiseisnotlost.com\/bzh\/\"},{\"@type\":\"ListItem\",\"position\":2,\"name\":\"THI* CATALOGUE Affiches et Tirages d&rsquo;Art &#8211; Sud BZH\",\"item\":\"https:\/\/paradiseisnotlost.com\/bzh\/catalogue-boutique\/\"},{\"@type\":\"ListItem\",\"position\":3,\"name\":\"D\u00c9STOCK\",\"item\":\"https:\/\/paradiseisnotlost.com\/bzh\/categorie-produit\/destock\/\"},{\"@type\":\"ListItem\",\"position\":4,\"name\":\"SAINT-NAZAIRE FUSION II 50&#215;70\"}]},{\"@type\":\"WebSite\",\"@id\":\"https:\/\/paradiseisnotlost.com\/bzh\/#website\",\"url\":\"https:\/\/paradiseisnotlost.com\/bzh\/\",\"name\":\"Paradise is not lost, we design it ! Sud BZH\",\"description\":\"Digital Design : Agence | Art-Shop | Events | Showroom\",\"publisher\":{\"@id\":\"https:\/\/paradiseisnotlost.com\/bzh\/#organization\"},\"potentialAction\":[{\"@type\":\"SearchAction\",\"target\":{\"@type\":\"EntryPoint\",\"urlTemplate\":\"https:\/\/paradiseisnotlost.com\/bzh\/?s={search_term_string}\"},\"query-input\":{\"@type\":\"PropertyValueSpecification\",\"valueRequired\":true,\"valueName\":\"search_term_string\"}}],\"inLanguage\":\"fr-FR\"},{\"@type\":\"Organization\",\"@id\":\"https:\/\/paradiseisnotlost.com\/bzh\/#organization\",\"name\":\"Paradiseisnotlost\",\"url\":\"https:\/\/paradiseisnotlost.com\/bzh\/\",\"logo\":{\"@type\":\"ImageObject\",\"inLanguage\":\"fr-FR\",\"@id\":\"https:\/\/paradiseisnotlost.com\/bzh\/#\/schema\/logo\/image\/\",\"url\":\"https:\/\/paradiseisnotlost.com\/bzh\/wp-content\/uploads\/2019\/05\/19_logo_logo_entet-web_010.png\",\"contentUrl\":\"https:\/\/paradiseisnotlost.com\/bzh\/wp-content\/uploads\/2019\/05\/19_logo_logo_entet-web_010.png\",\"width\":129,\"height\":60,\"caption\":\"Paradiseisnotlost\"},\"image\":{\"@id\":\"https:\/\/paradiseisnotlost.com\/bzh\/#\/schema\/logo\/image\/\"},\"sameAs\":[\"https:\/\/www.facebook.com\/laptitecalifornie.fr\/\",\"https:\/\/x.com\/Ptitecalifornie\",\"https:\/\/www.instagram.com\/paradiseisnotlost44\/\",\"https:\/\/www.pinterest.fr\/paradiseisnotlost\/\"]}]}<\/script>\n<!-- \/ Yoast SEO plugin. -->","yoast_head_json":{"title":"SAINT-NAZAIRE FUSION II 50x70 Affiches Saint-Nazaire Fusion 2","description":"Affiche SAINT-NAZAIRE FUSION N\u00b02 | Pont de Saint-Nazaire, p\u00eacherie, paquebots et B\u00e9louga. Encadrements et autres tirages sur demande","robots":{"index":"index","follow":"follow","max-snippet":"max-snippet:-1","max-image-preview":"max-image-preview:large","max-video-preview":"max-video-preview:-1"},"canonical":"https:\/\/paradiseisnotlost.com\/bzh\/catalogue\/la-petite-californie-bretonne\/affiche-saint-nazaire-2\/","og_locale":"fr_FR","og_type":"article","og_title":"SAINT-NAZAIRE FUSION II 50x70 Affiches Saint-Nazaire Fusion 2","og_description":"Affiche SAINT-NAZAIRE FUSION N\u00b02 | Pont de Saint-Nazaire, p\u00eacherie, paquebots et B\u00e9louga. Encadrements et autres tirages sur demande","og_url":"https:\/\/paradiseisnotlost.com\/bzh\/catalogue\/la-petite-californie-bretonne\/affiche-saint-nazaire-2\/","og_site_name":"Paradise is not lost, we design it ! Sud BZH","article_publisher":"https:\/\/www.facebook.com\/laptitecalifornie.fr\/","article_modified_time":"2026-01-22T15:49:32+00:00","og_image":[{"width":1080,"height":1512,"url":"https:\/\/paradiseisnotlost.com\/bzh\/wp-content\/uploads\/2023\/07\/FUSION_02.jpg","type":"image\/jpeg"}],"twitter_card":"summary_large_image","twitter_site":"@Ptitecalifornie","twitter_misc":{"Dur\u00e9e de lecture estim\u00e9e":"1 minute"},"schema":{"@context":"https:\/\/schema.org","@graph":[{"@type":"WebPage","@id":"https:\/\/paradiseisnotlost.com\/bzh\/catalogue\/la-petite-californie-bretonne\/affiche-saint-nazaire-2\/","url":"https:\/\/paradiseisnotlost.com\/bzh\/catalogue\/la-petite-californie-bretonne\/affiche-saint-nazaire-2\/","name":"SAINT-NAZAIRE FUSION II 50x70 Affiches Saint-Nazaire Fusion 2","isPartOf":{"@id":"https:\/\/paradiseisnotlost.com\/bzh\/#website"},"primaryImageOfPage":{"@id":"https:\/\/paradiseisnotlost.com\/bzh\/catalogue\/la-petite-californie-bretonne\/affiche-saint-nazaire-2\/#primaryimage"},"image":{"@id":"https:\/\/paradiseisnotlost.com\/bzh\/catalogue\/la-petite-californie-bretonne\/affiche-saint-nazaire-2\/#primaryimage"},"thumbnailUrl":"https:\/\/paradiseisnotlost.com\/bzh\/wp-content\/uploads\/2023\/07\/FUSION_02.jpg","datePublished":"2020-09-23T15:03:15+00:00","dateModified":"2026-01-22T15:49:32+00:00","description":"Affiche SAINT-NAZAIRE FUSION N\u00b02 | Pont de Saint-Nazaire, p\u00eacherie, paquebots et B\u00e9louga. Encadrements et autres tirages sur demande","breadcrumb":{"@id":"https:\/\/paradiseisnotlost.com\/bzh\/catalogue\/la-petite-californie-bretonne\/affiche-saint-nazaire-2\/#breadcrumb"},"inLanguage":"fr-FR","potentialAction":[{"@type":"ReadAction","target":["https:\/\/paradiseisnotlost.com\/bzh\/catalogue\/la-petite-californie-bretonne\/affiche-saint-nazaire-2\/"]}]},{"@type":"ImageObject","inLanguage":"fr-FR","@id":"https:\/\/paradiseisnotlost.com\/bzh\/catalogue\/la-petite-californie-bretonne\/affiche-saint-nazaire-2\/#primaryimage","url":"https:\/\/paradiseisnotlost.com\/bzh\/wp-content\/uploads\/2023\/07\/FUSION_02.jpg","contentUrl":"https:\/\/paradiseisnotlost.com\/bzh\/wp-content\/uploads\/2023\/07\/FUSION_02.jpg","width":1080,"height":1512,"caption":"D\u00e9stockage affiche 50x70 cm SAINT-NAZAIRE FUSION II"},{"@type":"BreadcrumbList","@id":"https:\/\/paradiseisnotlost.com\/bzh\/catalogue\/la-petite-californie-bretonne\/affiche-saint-nazaire-2\/#breadcrumb","itemListElement":[{"@type":"ListItem","position":1,"name":"Accueil","item":"https:\/\/paradiseisnotlost.com\/bzh\/"},{"@type":"ListItem","position":2,"name":"THI* CATALOGUE Affiches et Tirages d&rsquo;Art &#8211; Sud BZH","item":"https:\/\/paradiseisnotlost.com\/bzh\/catalogue-boutique\/"},{"@type":"ListItem","position":3,"name":"D\u00c9STOCK","item":"https:\/\/paradiseisnotlost.com\/bzh\/categorie-produit\/destock\/"},{"@type":"ListItem","position":4,"name":"SAINT-NAZAIRE FUSION II 50&#215;70"}]},{"@type":"WebSite","@id":"https:\/\/paradiseisnotlost.com\/bzh\/#website","url":"https:\/\/paradiseisnotlost.com\/bzh\/","name":"Paradise is not lost, we design it ! Sud BZH","description":"Digital Design : Agence | Art-Shop | Events | Showroom","publisher":{"@id":"https:\/\/paradiseisnotlost.com\/bzh\/#organization"},"potentialAction":[{"@type":"SearchAction","target":{"@type":"EntryPoint","urlTemplate":"https:\/\/paradiseisnotlost.com\/bzh\/?s={search_term_string}"},"query-input":{"@type":"PropertyValueSpecification","valueRequired":true,"valueName":"search_term_string"}}],"inLanguage":"fr-FR"},{"@type":"Organization","@id":"https:\/\/paradiseisnotlost.com\/bzh\/#organization","name":"Paradiseisnotlost","url":"https:\/\/paradiseisnotlost.com\/bzh\/","logo":{"@type":"ImageObject","inLanguage":"fr-FR","@id":"https:\/\/paradiseisnotlost.com\/bzh\/#\/schema\/logo\/image\/","url":"https:\/\/paradiseisnotlost.com\/bzh\/wp-content\/uploads\/2019\/05\/19_logo_logo_entet-web_010.png","contentUrl":"https:\/\/paradiseisnotlost.com\/bzh\/wp-content\/uploads\/2019\/05\/19_logo_logo_entet-web_010.png","width":129,"height":60,"caption":"Paradiseisnotlost"},"image":{"@id":"https:\/\/paradiseisnotlost.com\/bzh\/#\/schema\/logo\/image\/"},"sameAs":["https:\/\/www.facebook.com\/laptitecalifornie.fr\/","https:\/\/x.com\/Ptitecalifornie","https:\/\/www.instagram.com\/paradiseisnotlost44\/","https:\/\/www.pinterest.fr\/paradiseisnotlost\/"]}]}},"_links":{"self":[{"href":"https:\/\/paradiseisnotlost.com\/bzh\/wp-json\/wp\/v2\/product\/54068","targetHints":{"allow":["GET"]}}],"collection":[{"href":"https:\/\/paradiseisnotlost.com\/bzh\/wp-json\/wp\/v2\/product"}],"about":[{"href":"https:\/\/paradiseisnotlost.com\/bzh\/wp-json\/wp\/v2\/types\/product"}],"wp:featuredmedia":[{"embeddable":true,"href":"https:\/\/paradiseisnotlost.com\/bzh\/wp-json\/wp\/v2\/media\/59084"}],"wp:attachment":[{"href":"https:\/\/paradiseisnotlost.com\/bzh\/wp-json\/wp\/v2\/media?parent=54068"}],"wp:term":[{"taxonomy":"product_brand","embeddable":true,"href":"https:\/\/paradiseisnotlost.com\/bzh\/wp-json\/wp\/v2\/product_brand?post=54068"},{"taxonomy":"product_cat","embeddable":true,"href":"https:\/\/paradiseisnotlost.com\/bzh\/wp-json\/wp\/v2\/product_cat?post=54068"},{"taxonomy":"product_tag","embeddable":true,"href":"https:\/\/paradiseisnotlost.com\/bzh\/wp-json\/wp\/v2\/product_tag?post=54068"}],"curies":[{"name":"wp","href":"https:\/\/api.w.org\/{rel}","templated":true}]}}