{"id":59168,"date":"2025-08-14T04:59:28","date_gmt":"2025-08-14T02:59:28","guid":{"rendered":"https:\/\/paradiseisnotlost.com\/bzh\/?post_type=product&#038;p=59168"},"modified":"2025-12-16T13:35:25","modified_gmt":"2025-12-16T12:35:25","slug":"a-bicyclette-hulot","status":"publish","type":"product","link":"https:\/\/paradiseisnotlost.com\/bzh\/catalogue\/collection-cote-damour\/a-bicyclette-hulot\/","title":{"rendered":"Monsieur HULOT \u00c0 BICYCLETTE"},"content":{"rendered":"<blockquote><p>Infographie illustration \u00e9dition 2024 : <sup>\u00a9<\/sup>SigDesign. Disponible sur tirages d&rsquo;art (30 pi\u00e8ces; Sign\u00e9es, num\u00e9rot\u00e9es et certifi\u00e9es). tous supports et formats sur devis, <a href=\"#form\">nous contacter<\/a>.<\/p><\/blockquote>\n<div id=\"form\"><\/div>\n<hr \/>\n<h3>CONT@CT<\/h3>\n\n<div class=\"wpcf7 no-js\" id=\"wpcf7-f55695-o1\" lang=\"en-US\" dir=\"ltr\" data-wpcf7-id=\"55695\">\n<div class=\"screen-reader-response\"><p role=\"status\" aria-live=\"polite\" aria-atomic=\"true\"><\/p> <ul><\/ul><\/div>\n<form action=\"\/bzh\/wp-json\/wp\/v2\/product\/59168#wpcf7-f55695-o1\" method=\"post\" class=\"wpcf7-form init\" aria-label=\"Contact form\" novalidate=\"novalidate\" data-status=\"init\">\n<fieldset class=\"hidden-fields-container\"><input type=\"hidden\" name=\"_wpcf7\" value=\"55695\" \/><input type=\"hidden\" name=\"_wpcf7_version\" value=\"6.1.5\" \/><input type=\"hidden\" name=\"_wpcf7_locale\" value=\"en_US\" \/><input type=\"hidden\" name=\"_wpcf7_unit_tag\" value=\"wpcf7-f55695-o1\" \/><input type=\"hidden\" name=\"_wpcf7_container_post\" value=\"0\" \/><input type=\"hidden\" name=\"_wpcf7_posted_data_hash\" value=\"\" \/><input type=\"hidden\" name=\"_wpcf7_recaptcha_response\" value=\"\" \/>\n<\/fieldset>\n<div class=\"overflow-hidden\">\n\t<div class=\"half-column half-column-left\">\n\t\t<p><span class=\"wpcf7-form-control-wrap\" data-name=\"your-name\"><input size=\"40\" maxlength=\"400\" class=\"wpcf7-form-control wpcf7-text wpcf7-validates-as-required\" aria-required=\"true\" aria-invalid=\"false\" placeholder=\"Nom*\" value=\"\" type=\"text\" name=\"your-name\" \/><\/span>\n\t\t<\/p>\n\t<\/div>\n\t<div class=\"half-column half-column-right\">\n\t\t<p><span class=\"wpcf7-form-control-wrap\" data-name=\"text-220\"><input size=\"40\" maxlength=\"400\" class=\"wpcf7-form-control wpcf7-text wpcf7-validates-as-required\" aria-required=\"true\" aria-invalid=\"false\" placeholder=\"Pr\u00e9nom*\" value=\"\" type=\"text\" name=\"text-220\" \/><\/span>\n\t\t<\/p>\n\t<\/div>\n\t<div class=\"half-column half-column-left\">\n\t\t<p><span class=\"wpcf7-form-control-wrap\" data-name=\"your-email\"><input size=\"40\" maxlength=\"400\" class=\"wpcf7-form-control wpcf7-email wpcf7-validates-as-required wpcf7-text wpcf7-validates-as-email\" aria-required=\"true\" aria-invalid=\"false\" placeholder=\"E-mail*\" value=\"\" type=\"email\" name=\"your-email\" \/><\/span>\n\t\t<\/p>\n\t<\/div>\n\t<div class=\"half-column half-column-right\">\n\t\t<p><span class=\"wpcf7-form-control-wrap\" data-name=\"tel-744\"><input size=\"40\" maxlength=\"400\" class=\"wpcf7-form-control wpcf7-tel wpcf7-validates-as-required wpcf7-text wpcf7-validates-as-tel\" aria-required=\"true\" aria-invalid=\"false\" placeholder=\"T\u00e9l.*\" value=\"\" type=\"tel\" name=\"tel-744\" \/><\/span>\n\t\t<\/p>\n\t<\/div>\n<\/div>\n<p><span class=\"wpcf7-form-control-wrap\" data-name=\"your-subject\"><input size=\"40\" maxlength=\"400\" class=\"wpcf7-form-control wpcf7-text wpcf7-validates-as-required\" aria-required=\"true\" aria-invalid=\"false\" placeholder=\"Sujet*\" value=\"\" type=\"text\" name=\"your-subject\" \/><\/span><span class=\"wpcf7-form-control-wrap\" data-name=\"your-message\"><textarea cols=\"40\" rows=\"10\" maxlength=\"2000\" class=\"wpcf7-form-control wpcf7-textarea wpcf7-validates-as-required\" aria-required=\"true\" aria-invalid=\"false\" placeholder=\"Message*\" name=\"your-message\"><\/textarea><\/span>\n<\/p>\n<p class=\"aligncenter small-width\"><input class=\"wpcf7-form-control wpcf7-submit has-spinner\" type=\"submit\" value=\"Envoyer\" \/>\n<\/p><div class=\"wpcf7-response-output\" aria-hidden=\"true\"><\/div>\n<\/form>\n<\/div>\n\n","protected":false},"excerpt":{"rendered":"<p>Infographie illustration \u00e9dition 2024 : \u00a9SigDesign. Disponible sur tirages d&rsquo;art (30 pi\u00e8ces; Sign\u00e9es, num\u00e9rot\u00e9es et certifi\u00e9es). tous supports&#8230;<\/p>\n","protected":false},"featured_media":59158,"template":"","meta":[],"product_brand":[],"product_cat":[147],"product_tag":[430,562,532,195,249,196,563],"class_list":{"0":"post-59168","1":"product","2":"type-product","3":"status-publish","4":"has-post-thumbnail","6":"product_cat-collection-cote-damour","7":"product_tag-affiche-saint-nazaire","8":"product_tag-bicyclette","9":"product_tag-illustration","10":"product_tag-monsieur-hulot","11":"product_tag-plage","12":"product_tag-saint-marc-sur-mer","13":"product_tag-velos","15":"first","16":"instock","17":"shipping-taxable","18":"purchasable","19":"product-type-variable","20":"has-default-attributes"},"yoast_head":"<!-- This site is optimized with the Yoast SEO plugin v27.1.1 - https:\/\/yoast.com\/product\/yoast-seo-wordpress\/ -->\n<title>Affiches - Monsieur HULOT \u00c0 BICYCLETTE<\/title>\n<meta name=\"description\" content=\"Monsieur HULOT \u00c0 BICYCLETTE, affiches et tirages d&#039;art, collection C\u00f4te d&#039;Amour Paradiseisnotlost Digital Symbolic Design des territoires du Sud Bretagne\" \/>\n<meta name=\"robots\" content=\"index, follow, max-snippet:-1, max-image-preview:large, max-video-preview:-1\" \/>\n<link rel=\"canonical\" href=\"https:\/\/paradiseisnotlost.com\/bzh\/catalogue\/collection-cote-damour\/a-bicyclette-hulot\/\" \/>\n<meta property=\"og:locale\" content=\"fr_FR\" \/>\n<meta property=\"og:type\" content=\"article\" \/>\n<meta property=\"og:title\" content=\"Affiches - Monsieur HULOT \u00c0 BICYCLETTE\" \/>\n<meta property=\"og:description\" content=\"Monsieur HULOT \u00c0 BICYCLETTE, affiches et tirages d&#039;art, collection C\u00f4te d&#039;Amour Paradiseisnotlost Digital Symbolic Design des territoires du Sud Bretagne\" \/>\n<meta property=\"og:url\" content=\"https:\/\/paradiseisnotlost.com\/bzh\/catalogue\/collection-cote-damour\/a-bicyclette-hulot\/\" \/>\n<meta property=\"og:site_name\" content=\"Paradise is not lost, we design it ! Sud BZH\" \/>\n<meta property=\"article:publisher\" content=\"https:\/\/www.facebook.com\/laptitecalifornie.fr\/\" \/>\n<meta property=\"article:modified_time\" content=\"2025-12-16T12:35:25+00:00\" \/>\n<meta property=\"og:image\" content=\"https:\/\/paradiseisnotlost.com\/bzh\/wp-content\/uploads\/2022\/10\/SIG_HULOT-VELO_02.jpg\" \/>\n\t<meta property=\"og:image:width\" content=\"1080\" \/>\n\t<meta property=\"og:image:height\" content=\"1512\" \/>\n\t<meta property=\"og:image:type\" content=\"image\/jpeg\" \/>\n<meta name=\"twitter:card\" content=\"summary_large_image\" \/>\n<meta name=\"twitter:site\" content=\"@Ptitecalifornie\" \/>\n<meta name=\"twitter:label1\" content=\"Dur\u00e9e de lecture estim\u00e9e\" \/>\n\t<meta name=\"twitter:data1\" content=\"1 minute\" \/>\n<script type=\"application\/ld+json\" class=\"yoast-schema-graph\">{\"@context\":\"https:\/\/schema.org\",\"@graph\":[{\"@type\":\"WebPage\",\"@id\":\"https:\/\/paradiseisnotlost.com\/bzh\/catalogue\/collection-cote-damour\/a-bicyclette-hulot\/\",\"url\":\"https:\/\/paradiseisnotlost.com\/bzh\/catalogue\/collection-cote-damour\/a-bicyclette-hulot\/\",\"name\":\"Affiches - Monsieur HULOT \u00c0 BICYCLETTE\",\"isPartOf\":{\"@id\":\"https:\/\/paradiseisnotlost.com\/bzh\/#website\"},\"primaryImageOfPage\":{\"@id\":\"https:\/\/paradiseisnotlost.com\/bzh\/catalogue\/collection-cote-damour\/a-bicyclette-hulot\/#primaryimage\"},\"image\":{\"@id\":\"https:\/\/paradiseisnotlost.com\/bzh\/catalogue\/collection-cote-damour\/a-bicyclette-hulot\/#primaryimage\"},\"thumbnailUrl\":\"https:\/\/paradiseisnotlost.com\/bzh\/wp-content\/uploads\/2022\/10\/SIG_HULOT-VELO_02.jpg\",\"datePublished\":\"2025-08-14T02:59:28+00:00\",\"dateModified\":\"2025-12-16T12:35:25+00:00\",\"description\":\"Monsieur HULOT \u00c0 BICYCLETTE, affiches et tirages d'art, collection C\u00f4te d'Amour Paradiseisnotlost Digital Symbolic Design des territoires du Sud Bretagne\",\"breadcrumb\":{\"@id\":\"https:\/\/paradiseisnotlost.com\/bzh\/catalogue\/collection-cote-damour\/a-bicyclette-hulot\/#breadcrumb\"},\"inLanguage\":\"fr-FR\",\"potentialAction\":[{\"@type\":\"ReadAction\",\"target\":[\"https:\/\/paradiseisnotlost.com\/bzh\/catalogue\/collection-cote-damour\/a-bicyclette-hulot\/\"]}]},{\"@type\":\"ImageObject\",\"inLanguage\":\"fr-FR\",\"@id\":\"https:\/\/paradiseisnotlost.com\/bzh\/catalogue\/collection-cote-damour\/a-bicyclette-hulot\/#primaryimage\",\"url\":\"https:\/\/paradiseisnotlost.com\/bzh\/wp-content\/uploads\/2022\/10\/SIG_HULOT-VELO_02.jpg\",\"contentUrl\":\"https:\/\/paradiseisnotlost.com\/bzh\/wp-content\/uploads\/2022\/10\/SIG_HULOT-VELO_02.jpg\",\"width\":1080,\"height\":1512,\"caption\":\"Affiches et tirages d'art collection C\u00d4TE D'AMOUR, Digital Symbolic Design des territoires du Sud Bretagne\"},{\"@type\":\"BreadcrumbList\",\"@id\":\"https:\/\/paradiseisnotlost.com\/bzh\/catalogue\/collection-cote-damour\/a-bicyclette-hulot\/#breadcrumb\",\"itemListElement\":[{\"@type\":\"ListItem\",\"position\":1,\"name\":\"Accueil\",\"item\":\"https:\/\/paradiseisnotlost.com\/bzh\/\"},{\"@type\":\"ListItem\",\"position\":2,\"name\":\"THI* CATALOGUE Affiches et Tirages d&rsquo;Art &#8211; Sud BZH\",\"item\":\"https:\/\/paradiseisnotlost.com\/bzh\/catalogue-boutique\/\"},{\"@type\":\"ListItem\",\"position\":3,\"name\":\"C\u00d4TE D'AMOUR BZH\",\"item\":\"https:\/\/paradiseisnotlost.com\/bzh\/categorie-produit\/collection-cote-damour\/\"},{\"@type\":\"ListItem\",\"position\":4,\"name\":\"Monsieur HULOT \u00c0 BICYCLETTE\"}]},{\"@type\":\"WebSite\",\"@id\":\"https:\/\/paradiseisnotlost.com\/bzh\/#website\",\"url\":\"https:\/\/paradiseisnotlost.com\/bzh\/\",\"name\":\"Paradise is not lost, we design it ! Sud BZH\",\"description\":\"Digital Design : Agence | Art-Shop | Events | Showroom\",\"publisher\":{\"@id\":\"https:\/\/paradiseisnotlost.com\/bzh\/#organization\"},\"potentialAction\":[{\"@type\":\"SearchAction\",\"target\":{\"@type\":\"EntryPoint\",\"urlTemplate\":\"https:\/\/paradiseisnotlost.com\/bzh\/?s={search_term_string}\"},\"query-input\":{\"@type\":\"PropertyValueSpecification\",\"valueRequired\":true,\"valueName\":\"search_term_string\"}}],\"inLanguage\":\"fr-FR\"},{\"@type\":\"Organization\",\"@id\":\"https:\/\/paradiseisnotlost.com\/bzh\/#organization\",\"name\":\"Paradiseisnotlost\",\"url\":\"https:\/\/paradiseisnotlost.com\/bzh\/\",\"logo\":{\"@type\":\"ImageObject\",\"inLanguage\":\"fr-FR\",\"@id\":\"https:\/\/paradiseisnotlost.com\/bzh\/#\/schema\/logo\/image\/\",\"url\":\"https:\/\/paradiseisnotlost.com\/bzh\/wp-content\/uploads\/2019\/05\/19_logo_logo_entet-web_010.png\",\"contentUrl\":\"https:\/\/paradiseisnotlost.com\/bzh\/wp-content\/uploads\/2019\/05\/19_logo_logo_entet-web_010.png\",\"width\":129,\"height\":60,\"caption\":\"Paradiseisnotlost\"},\"image\":{\"@id\":\"https:\/\/paradiseisnotlost.com\/bzh\/#\/schema\/logo\/image\/\"},\"sameAs\":[\"https:\/\/www.facebook.com\/laptitecalifornie.fr\/\",\"https:\/\/x.com\/Ptitecalifornie\",\"https:\/\/www.instagram.com\/paradiseisnotlost44\/\",\"https:\/\/www.pinterest.fr\/paradiseisnotlost\/\"]}]}<\/script>\n<!-- \/ Yoast SEO plugin. -->","yoast_head_json":{"title":"Affiches - Monsieur HULOT \u00c0 BICYCLETTE","description":"Monsieur HULOT \u00c0 BICYCLETTE, affiches et tirages d'art, collection C\u00f4te d'Amour Paradiseisnotlost Digital Symbolic Design des territoires du Sud Bretagne","robots":{"index":"index","follow":"follow","max-snippet":"max-snippet:-1","max-image-preview":"max-image-preview:large","max-video-preview":"max-video-preview:-1"},"canonical":"https:\/\/paradiseisnotlost.com\/bzh\/catalogue\/collection-cote-damour\/a-bicyclette-hulot\/","og_locale":"fr_FR","og_type":"article","og_title":"Affiches - Monsieur HULOT \u00c0 BICYCLETTE","og_description":"Monsieur HULOT \u00c0 BICYCLETTE, affiches et tirages d'art, collection C\u00f4te d'Amour Paradiseisnotlost Digital Symbolic Design des territoires du Sud Bretagne","og_url":"https:\/\/paradiseisnotlost.com\/bzh\/catalogue\/collection-cote-damour\/a-bicyclette-hulot\/","og_site_name":"Paradise is not lost, we design it ! Sud BZH","article_publisher":"https:\/\/www.facebook.com\/laptitecalifornie.fr\/","article_modified_time":"2025-12-16T12:35:25+00:00","og_image":[{"width":1080,"height":1512,"url":"https:\/\/paradiseisnotlost.com\/bzh\/wp-content\/uploads\/2022\/10\/SIG_HULOT-VELO_02.jpg","type":"image\/jpeg"}],"twitter_card":"summary_large_image","twitter_site":"@Ptitecalifornie","twitter_misc":{"Dur\u00e9e de lecture estim\u00e9e":"1 minute"},"schema":{"@context":"https:\/\/schema.org","@graph":[{"@type":"WebPage","@id":"https:\/\/paradiseisnotlost.com\/bzh\/catalogue\/collection-cote-damour\/a-bicyclette-hulot\/","url":"https:\/\/paradiseisnotlost.com\/bzh\/catalogue\/collection-cote-damour\/a-bicyclette-hulot\/","name":"Affiches - Monsieur HULOT \u00c0 BICYCLETTE","isPartOf":{"@id":"https:\/\/paradiseisnotlost.com\/bzh\/#website"},"primaryImageOfPage":{"@id":"https:\/\/paradiseisnotlost.com\/bzh\/catalogue\/collection-cote-damour\/a-bicyclette-hulot\/#primaryimage"},"image":{"@id":"https:\/\/paradiseisnotlost.com\/bzh\/catalogue\/collection-cote-damour\/a-bicyclette-hulot\/#primaryimage"},"thumbnailUrl":"https:\/\/paradiseisnotlost.com\/bzh\/wp-content\/uploads\/2022\/10\/SIG_HULOT-VELO_02.jpg","datePublished":"2025-08-14T02:59:28+00:00","dateModified":"2025-12-16T12:35:25+00:00","description":"Monsieur HULOT \u00c0 BICYCLETTE, affiches et tirages d'art, collection C\u00f4te d'Amour Paradiseisnotlost Digital Symbolic Design des territoires du Sud Bretagne","breadcrumb":{"@id":"https:\/\/paradiseisnotlost.com\/bzh\/catalogue\/collection-cote-damour\/a-bicyclette-hulot\/#breadcrumb"},"inLanguage":"fr-FR","potentialAction":[{"@type":"ReadAction","target":["https:\/\/paradiseisnotlost.com\/bzh\/catalogue\/collection-cote-damour\/a-bicyclette-hulot\/"]}]},{"@type":"ImageObject","inLanguage":"fr-FR","@id":"https:\/\/paradiseisnotlost.com\/bzh\/catalogue\/collection-cote-damour\/a-bicyclette-hulot\/#primaryimage","url":"https:\/\/paradiseisnotlost.com\/bzh\/wp-content\/uploads\/2022\/10\/SIG_HULOT-VELO_02.jpg","contentUrl":"https:\/\/paradiseisnotlost.com\/bzh\/wp-content\/uploads\/2022\/10\/SIG_HULOT-VELO_02.jpg","width":1080,"height":1512,"caption":"Affiches et tirages d'art collection C\u00d4TE D'AMOUR, Digital Symbolic Design des territoires du Sud Bretagne"},{"@type":"BreadcrumbList","@id":"https:\/\/paradiseisnotlost.com\/bzh\/catalogue\/collection-cote-damour\/a-bicyclette-hulot\/#breadcrumb","itemListElement":[{"@type":"ListItem","position":1,"name":"Accueil","item":"https:\/\/paradiseisnotlost.com\/bzh\/"},{"@type":"ListItem","position":2,"name":"THI* CATALOGUE Affiches et Tirages d&rsquo;Art &#8211; Sud BZH","item":"https:\/\/paradiseisnotlost.com\/bzh\/catalogue-boutique\/"},{"@type":"ListItem","position":3,"name":"C\u00d4TE D'AMOUR BZH","item":"https:\/\/paradiseisnotlost.com\/bzh\/categorie-produit\/collection-cote-damour\/"},{"@type":"ListItem","position":4,"name":"Monsieur HULOT \u00c0 BICYCLETTE"}]},{"@type":"WebSite","@id":"https:\/\/paradiseisnotlost.com\/bzh\/#website","url":"https:\/\/paradiseisnotlost.com\/bzh\/","name":"Paradise is not lost, we design it ! Sud BZH","description":"Digital Design : Agence | Art-Shop | Events | Showroom","publisher":{"@id":"https:\/\/paradiseisnotlost.com\/bzh\/#organization"},"potentialAction":[{"@type":"SearchAction","target":{"@type":"EntryPoint","urlTemplate":"https:\/\/paradiseisnotlost.com\/bzh\/?s={search_term_string}"},"query-input":{"@type":"PropertyValueSpecification","valueRequired":true,"valueName":"search_term_string"}}],"inLanguage":"fr-FR"},{"@type":"Organization","@id":"https:\/\/paradiseisnotlost.com\/bzh\/#organization","name":"Paradiseisnotlost","url":"https:\/\/paradiseisnotlost.com\/bzh\/","logo":{"@type":"ImageObject","inLanguage":"fr-FR","@id":"https:\/\/paradiseisnotlost.com\/bzh\/#\/schema\/logo\/image\/","url":"https:\/\/paradiseisnotlost.com\/bzh\/wp-content\/uploads\/2019\/05\/19_logo_logo_entet-web_010.png","contentUrl":"https:\/\/paradiseisnotlost.com\/bzh\/wp-content\/uploads\/2019\/05\/19_logo_logo_entet-web_010.png","width":129,"height":60,"caption":"Paradiseisnotlost"},"image":{"@id":"https:\/\/paradiseisnotlost.com\/bzh\/#\/schema\/logo\/image\/"},"sameAs":["https:\/\/www.facebook.com\/laptitecalifornie.fr\/","https:\/\/x.com\/Ptitecalifornie","https:\/\/www.instagram.com\/paradiseisnotlost44\/","https:\/\/www.pinterest.fr\/paradiseisnotlost\/"]}]}},"_links":{"self":[{"href":"https:\/\/paradiseisnotlost.com\/bzh\/wp-json\/wp\/v2\/product\/59168","targetHints":{"allow":["GET"]}}],"collection":[{"href":"https:\/\/paradiseisnotlost.com\/bzh\/wp-json\/wp\/v2\/product"}],"about":[{"href":"https:\/\/paradiseisnotlost.com\/bzh\/wp-json\/wp\/v2\/types\/product"}],"wp:featuredmedia":[{"embeddable":true,"href":"https:\/\/paradiseisnotlost.com\/bzh\/wp-json\/wp\/v2\/media\/59158"}],"wp:attachment":[{"href":"https:\/\/paradiseisnotlost.com\/bzh\/wp-json\/wp\/v2\/media?parent=59168"}],"wp:term":[{"taxonomy":"product_brand","embeddable":true,"href":"https:\/\/paradiseisnotlost.com\/bzh\/wp-json\/wp\/v2\/product_brand?post=59168"},{"taxonomy":"product_cat","embeddable":true,"href":"https:\/\/paradiseisnotlost.com\/bzh\/wp-json\/wp\/v2\/product_cat?post=59168"},{"taxonomy":"product_tag","embeddable":true,"href":"https:\/\/paradiseisnotlost.com\/bzh\/wp-json\/wp\/v2\/product_tag?post=59168"}],"curies":[{"name":"wp","href":"https:\/\/api.w.org\/{rel}","templated":true}]}}