{"id":1810,"date":"2016-02-20T05:03:16","date_gmt":"2016-02-20T05:03:16","guid":{"rendered":"http:\/\/demo.themelogi.com\/roneous\/?page_id=1810"},"modified":"2016-02-20T05:03:16","modified_gmt":"2016-02-20T05:03:16","slug":"masonry-2-columns","status":"publish","type":"page","link":"https:\/\/paradiseisnotlost.com\/cancans\/blog-2\/masonry-2-columns\/","title":{"rendered":"Masonry 2 Columns"},"content":{"rendered":"<p>[vc_row][vc_column]<div id=\"blog-69f9abe9870f0\"><div class=\"row masonry-loader\">\n    <div class=\"col-sm-12 text-center\">\n        <div class=\"spinner\"><\/div>\n    <\/div>\n<\/div><div class=\"row masonry masonry-show mb40\"><div class=\"col-sm-6 post-wrap masonry-item mb48\">\n\t<a href=\"https:\/\/paradiseisnotlost.com\/cancans\/meilleurs-voeux-2019\/\">\r\n<img width=\"886\" height=\"1024\" src=\"https:\/\/paradiseisnotlost.com\/cancans\/wp-content\/uploads\/2019\/01\/DSC_3600-886x1024.jpg\" class=\"mb16 wp-post-image\" alt=\"\" loading=\"lazy\" srcset=\"https:\/\/paradiseisnotlost.com\/cancans\/wp-content\/uploads\/2019\/01\/DSC_3600-886x1024.jpg 886w, https:\/\/paradiseisnotlost.com\/cancans\/wp-content\/uploads\/2019\/01\/DSC_3600-600x694.jpg 600w, https:\/\/paradiseisnotlost.com\/cancans\/wp-content\/uploads\/2019\/01\/DSC_3600-259x300.jpg 259w, https:\/\/paradiseisnotlost.com\/cancans\/wp-content\/uploads\/2019\/01\/DSC_3600-768x888.jpg 768w, https:\/\/paradiseisnotlost.com\/cancans\/wp-content\/uploads\/2019\/01\/DSC_3600.jpg 960w\" sizes=\"(max-width: 886px) 100vw, 886px\" \/><\/a>\r\n    <div class=\"inner\">\n    \t<div class=\"inner-wrap\">\n    \t\t<a href=\"https:\/\/paradiseisnotlost.com\/cancans\/meilleurs-voeux-2019\/\">\n\t            <h5 class=\"blog-title mb0\">Meilleurs V\u0153ux 2019<\/h5>\t        <\/a>\n\t        <div class=\"entry-meta mt8 mb16 p0\">\n\t        \t<span class=\"inline-block\">12 janvier 2019<\/span>\n\t        \t<span class=\"inline-block\"><span>by<\/span><a href=\"https:\/\/paradiseisnotlost.com\/cancans\/author\/blogger\/\" title=\"Articles par Admin\" rel=\"author\">Admin<\/a><\/span>\n\t        \t\t        \t\t<span class=\"inline-block\"><span>in<\/span><a href=\"https:\/\/paradiseisnotlost.com\/cancans\/category\/actualites-paradiseisnotlost\/\" rel=\"category tag\">ACTUS<\/a>,<\/span><span class=\"inline-block\"><a href=\"https:\/\/paradiseisnotlost.com\/cancans\/category\/actualites-paradiseisnotlost\/photos-sud-bretagne\/\" rel=\"category tag\">PHOTOS<\/a><\/span>\n\t        \t\t        <\/div>\n\t        <p>Du 1er lever de soleil sur La petite Californie Bretonne<\/p>\n\t        <div class=\"pull-left read-more\"><a href=\"https:\/\/paradiseisnotlost.com\/cancans\/meilleurs-voeux-2019\/\"><span data-hover=\"Read More\">Read More<\/span><\/a><\/div>\n\t        <div class=\"pull-right\">\n\t\t\t\t\t        <div class=\"tlg-likes-button inline-block tlg-likes-normal\">\n\t        \t<a href=\"#\" class=\"tlg-likes\" id=\"tlg-likes-8127\" title=\"\">\n\t        \t\t<i class=\"ti-heart\"><\/i><span class=\"like-share-name\">0<span> like<\/span><\/span>\t        \t<\/a>\n\t        <\/div>\n\t        \t\t\t\t\t\t\t\t\t<span class=\"middot-divider\"><\/span>\n\t\t\t\t\t<span class=\"comments-link\"><a href=\"https:\/\/paradiseisnotlost.com\/cancans\/meilleurs-voeux-2019\/#respond\"><i class=\"ti-comment\"><\/i><span>0<\/span><\/a><\/span>\n\t\t\t\t\t\t\t<\/div>\n    \t<\/div>\n    <\/div>\n<\/div><div class=\"col-sm-6 post-wrap masonry-item mb48\">\n\t<a href=\"https:\/\/paradiseisnotlost.com\/cancans\/garage-a-confettis\/\">\r\n<img width=\"1024\" height=\"474\" src=\"https:\/\/paradiseisnotlost.com\/cancans\/wp-content\/uploads\/2018\/12\/x-1024x474.jpg\" class=\"mb16 wp-post-image\" alt=\"\" loading=\"lazy\" srcset=\"https:\/\/paradiseisnotlost.com\/cancans\/wp-content\/uploads\/2018\/12\/x-1024x474.jpg 1024w, https:\/\/paradiseisnotlost.com\/cancans\/wp-content\/uploads\/2018\/12\/x-600x278.jpg 600w, https:\/\/paradiseisnotlost.com\/cancans\/wp-content\/uploads\/2018\/12\/x-300x139.jpg 300w, https:\/\/paradiseisnotlost.com\/cancans\/wp-content\/uploads\/2018\/12\/x-768x355.jpg 768w, https:\/\/paradiseisnotlost.com\/cancans\/wp-content\/uploads\/2018\/12\/x.jpg 1200w\" sizes=\"(max-width: 1024px) 100vw, 1024px\" \/><\/a>\r\n    <div class=\"inner\">\n    \t<div class=\"inner-wrap\">\n    \t\t<a href=\"https:\/\/paradiseisnotlost.com\/cancans\/garage-a-confettis\/\">\n\t            <h5 class=\"blog-title mb0\">GARAGE \u00c0 CONFETTIS<\/h5>\t        <\/a>\n\t        <div class=\"entry-meta mt8 mb16 p0\">\n\t        \t<span class=\"inline-block\">22 d\u00e9cembre 2018<\/span>\n\t        \t<span class=\"inline-block\"><span>by<\/span><a href=\"https:\/\/paradiseisnotlost.com\/cancans\/author\/blogger\/\" title=\"Articles par Admin\" rel=\"author\">Admin<\/a><\/span>\n\t        \t\t        \t\t<span class=\"inline-block\"><span>in<\/span><a href=\"https:\/\/paradiseisnotlost.com\/cancans\/category\/actualites-paradiseisnotlost\/\" rel=\"category tag\">ACTUS<\/a>,<\/span><span class=\"inline-block\"><a href=\"https:\/\/paradiseisnotlost.com\/cancans\/category\/actualites-paradiseisnotlost\/spot-bonnes-adresses\/artisans-art-sudbretagne-paradiseisnotlost\/\" rel=\"category tag\">ARTISANS D'ART<\/a>,<\/span><span class=\"inline-block\"><a href=\"https:\/\/paradiseisnotlost.com\/cancans\/category\/actualites-paradiseisnotlost\/exposition\/\" rel=\"category tag\">EXPO<\/a><\/span>\n\t        \t\t        <\/div>\n\t        <p>March\u00e9 \u00e9ph\u00e9m\u00e8re de cr\u00e9atrices &amp; cr\u00e9ateurs de Petite Californie Bretonne, C\u00f4te d&rsquo;Amour et Sud Bretagne jusqu&rsquo;au&#8230;<\/p>\n\t        <div class=\"pull-left read-more\"><a href=\"https:\/\/paradiseisnotlost.com\/cancans\/garage-a-confettis\/\"><span data-hover=\"Read More\">Read More<\/span><\/a><\/div>\n\t        <div class=\"pull-right\">\n\t\t\t\t\t        <div class=\"tlg-likes-button inline-block tlg-likes-normal\">\n\t        \t<a href=\"#\" class=\"tlg-likes\" id=\"tlg-likes-7996\" title=\"\">\n\t        \t\t<i class=\"ti-heart\"><\/i><span class=\"like-share-name\">1<span> like<\/span><\/span>\t        \t<\/a>\n\t        <\/div>\n\t        \t\t\t\t\t\t\t<\/div>\n    \t<\/div>\n    <\/div>\n<\/div><div class=\"col-sm-6 post-wrap masonry-item mb48\">\n\t<a href=\"https:\/\/paradiseisnotlost.com\/cancans\/ar-toiles\/\">\r\n<img width=\"720\" height=\"738\" src=\"https:\/\/paradiseisnotlost.com\/cancans\/wp-content\/uploads\/2018\/12\/artoiles-01.jpg\" class=\"mb16 wp-post-image\" alt=\"\" loading=\"lazy\" srcset=\"https:\/\/paradiseisnotlost.com\/cancans\/wp-content\/uploads\/2018\/12\/artoiles-01.jpg 720w, https:\/\/paradiseisnotlost.com\/cancans\/wp-content\/uploads\/2018\/12\/artoiles-01-600x615.jpg 600w, https:\/\/paradiseisnotlost.com\/cancans\/wp-content\/uploads\/2018\/12\/artoiles-01-293x300.jpg 293w\" sizes=\"(max-width: 720px) 100vw, 720px\" \/><\/a>\r\n    <div class=\"inner\">\n    \t<div class=\"inner-wrap\">\n    \t\t<a href=\"https:\/\/paradiseisnotlost.com\/cancans\/ar-toiles\/\">\n\t            <h5 class=\"blog-title mb0\">WEB-SPOT: AR&rsquo;TOILES<\/h5>\t        <\/a>\n\t        <div class=\"entry-meta mt8 mb16 p0\">\n\t        \t<span class=\"inline-block\">19 d\u00e9cembre 2018<\/span>\n\t        \t<span class=\"inline-block\"><span>by<\/span><a href=\"https:\/\/paradiseisnotlost.com\/cancans\/author\/blogger\/\" title=\"Articles par Admin\" rel=\"author\">Admin<\/a><\/span>\n\t        \t\t        \t\t<span class=\"inline-block\"><span>in<\/span><a href=\"https:\/\/paradiseisnotlost.com\/cancans\/category\/actualites-paradiseisnotlost\/\" rel=\"category tag\">ACTUS<\/a>,<\/span><span class=\"inline-block\"><a href=\"https:\/\/paradiseisnotlost.com\/cancans\/category\/actualites-paradiseisnotlost\/spot-bonnes-adresses\/artisans-art-sudbretagne-paradiseisnotlost\/\" rel=\"category tag\">ARTISANS D'ART<\/a><\/span>\n\t        \t\t        <\/div>\n\t        <p>AR&rsquo;TOILES, Objet d&rsquo;art et encadrement est r\u00e9f\u00e9renc\u00e9 sur Paradiseisnotlost<\/p>\n\t        <div class=\"pull-left read-more\"><a href=\"https:\/\/paradiseisnotlost.com\/cancans\/ar-toiles\/\"><span data-hover=\"Read More\">Read More<\/span><\/a><\/div>\n\t        <div class=\"pull-right\">\n\t\t\t\t\t        <div class=\"tlg-likes-button inline-block tlg-likes-normal\">\n\t        \t<a href=\"#\" class=\"tlg-likes\" id=\"tlg-likes-7939\" title=\"\">\n\t        \t\t<i class=\"ti-heart\"><\/i><span class=\"like-share-name\">0<span> like<\/span><\/span>\t        \t<\/a>\n\t        <\/div>\n\t        \t\t\t\t\t\t\t\t\t<span class=\"middot-divider\"><\/span>\n\t\t\t\t\t<span class=\"comments-link\"><a href=\"https:\/\/paradiseisnotlost.com\/cancans\/ar-toiles\/#respond\"><i class=\"ti-comment\"><\/i><span>0<\/span><\/a><\/span>\n\t\t\t\t\t\t\t<\/div>\n    \t<\/div>\n    <\/div>\n<\/div><div class=\"col-sm-6 post-wrap masonry-item mb48\">\n\t    <div class=\"inner\">\n    \t<div class=\"inner-wrap\">\n    \t\t<a href=\"https:\/\/paradiseisnotlost.com\/cancans\/emmanuel-belhuerne\/\">\n\t            <h5 class=\"blog-title mb0\">Emmanuel Belhuerne<\/h5>\t        <\/a>\n\t        <div class=\"entry-meta mt8 mb16 p0\">\n\t        \t<span class=\"inline-block\">29 novembre 2018<\/span>\n\t        \t<span class=\"inline-block\"><span>by<\/span><a href=\"https:\/\/paradiseisnotlost.com\/cancans\/author\/emazigh\/\" title=\"Articles par Paradiseisnotlost\" rel=\"author\">Paradiseisnotlost<\/a><\/span>\n\t        \t\t        \t\t<span class=\"inline-block\"><span>in<\/span><a href=\"https:\/\/paradiseisnotlost.com\/cancans\/category\/actualites-paradiseisnotlost\/\" rel=\"category tag\">ACTUS<\/a><\/span>\n\t        \t\t        <\/div>\n\t        <p>Auteur roman policier En Petite Californie Bretonne<\/p>\n\t        <div class=\"pull-left read-more\"><a href=\"https:\/\/paradiseisnotlost.com\/cancans\/emmanuel-belhuerne\/\"><span data-hover=\"Read More\">Read More<\/span><\/a><\/div>\n\t        <div class=\"pull-right\">\n\t\t\t\t\t        <div class=\"tlg-likes-button inline-block tlg-likes-normal\">\n\t        \t<a href=\"#\" class=\"tlg-likes\" id=\"tlg-likes-7900\" title=\"\">\n\t        \t\t<i class=\"ti-heart\"><\/i><span class=\"like-share-name\">1<span> like<\/span><\/span>\t        \t<\/a>\n\t        <\/div>\n\t        \t\t\t\t\t\t\t\t\t<span class=\"middot-divider\"><\/span>\n\t\t\t\t\t<span class=\"comments-link\"><a href=\"https:\/\/paradiseisnotlost.com\/cancans\/emmanuel-belhuerne\/#respond\"><i class=\"ti-comment\"><\/i><span>0<\/span><\/a><\/span>\n\t\t\t\t\t\t\t<\/div>\n    \t<\/div>\n    <\/div>\n<\/div><\/div><div class=\"row\"><div class='text-center mt40'><ul class='pagination'><li class='active'><a href='https:\/\/paradiseisnotlost.com\/cancans\/wp-json\/wp\/v2\/pages\/1810'>1<\/a><\/li> <li><a href='https:\/\/paradiseisnotlost.com\/cancans\/wp-json\/wp\/v2\/pages\/1810\/page\/2\/'>2<\/a><\/li> <li><a href='https:\/\/paradiseisnotlost.com\/cancans\/wp-json\/wp\/v2\/pages\/1810\/page\/3\/'>3<\/a><\/li> <li><a href='https:\/\/paradiseisnotlost.com\/cancans\/wp-json\/wp\/v2\/pages\/1810\/page\/11\/' aria-label='Next'><span aria-hidden='true'>&raquo;<\/span><\/a><\/li> <\/ul><\/div><\/div><\/div>[\/vc_column][\/vc_row]<\/p>\n","protected":false},"excerpt":{"rendered":"<p>[vc_row][vc_column][\/vc_column][\/vc_row]<\/p>\n","protected":false},"author":2,"featured_media":0,"parent":1808,"menu_order":0,"comment_status":"closed","ping_status":"closed","template":"","meta":[],"yoast_head":"<!-- This site is optimized with the Yoast SEO plugin v18.3 - https:\/\/yoast.com\/wordpress\/plugins\/seo\/ -->\n<title>Masonry 2 Columns - Digital cancans &amp; visuels sud Bretagne - Blog<\/title>\n<meta name=\"robots\" content=\"noindex, follow, max-snippet:-1, max-image-preview:large, max-video-preview:-1\" \/>\n<meta property=\"og:locale\" content=\"fr_FR\" \/>\n<meta property=\"og:type\" content=\"article\" \/>\n<meta property=\"og:title\" content=\"Masonry 2 Columns - Digital cancans &amp; visuels sud Bretagne - Blog\" \/>\n<meta property=\"og:description\" content=\"[vc_row][vc_column][\/vc_column][\/vc_row]\" \/>\n<meta property=\"og:url\" content=\"https:\/\/paradiseisnotlost.com\/cancans\/blog-2\/masonry-2-columns\/\" \/>\n<meta property=\"og:site_name\" content=\"Digital cancans &amp; visuels sud Bretagne - Blog\" \/>\n<meta property=\"article:publisher\" content=\"https:\/\/www.facebook.com\/paradiseisnotlost\" \/>\n<meta name=\"twitter:card\" content=\"summary\" \/>\n<meta name=\"twitter:site\" content=\"@EmazighParadise\" \/>\n<script type=\"application\/ld+json\" class=\"yoast-schema-graph\">{\"@context\":\"https:\/\/schema.org\",\"@graph\":[{\"@type\":\"Organization\",\"@id\":\"https:\/\/paradiseisnotlost.com\/cancans\/#organization\",\"name\":\"Paradiseisnotlost.com\",\"url\":\"https:\/\/paradiseisnotlost.com\/cancans\/\",\"sameAs\":[\"https:\/\/www.facebook.com\/paradiseisnotlost\",\"https:\/\/twitter.com\/EmazighParadise\"],\"logo\":{\"@type\":\"ImageObject\",\"@id\":\"https:\/\/paradiseisnotlost.com\/cancans\/#logo\",\"inLanguage\":\"fr-FR\",\"url\":\"http:\/\/paradiseisnotlost.com\/cancans\/wp-content\/uploads\/2017\/01\/300_logo_01.png\",\"contentUrl\":\"http:\/\/paradiseisnotlost.com\/cancans\/wp-content\/uploads\/2017\/01\/300_logo_01.png\",\"width\":300,\"height\":300,\"caption\":\"Paradiseisnotlost.com\"},\"image\":{\"@id\":\"https:\/\/paradiseisnotlost.com\/cancans\/#logo\"}},{\"@type\":\"WebSite\",\"@id\":\"https:\/\/paradiseisnotlost.com\/cancans\/#website\",\"url\":\"https:\/\/paradiseisnotlost.com\/cancans\/\",\"name\":\"Digital cancans &amp; visuels sud Bretagne - Blog\",\"description\":\"Du vrai, du bon, du bien donc du beau du sud BZH\",\"publisher\":{\"@id\":\"https:\/\/paradiseisnotlost.com\/cancans\/#organization\"},\"potentialAction\":[{\"@type\":\"SearchAction\",\"target\":{\"@type\":\"EntryPoint\",\"urlTemplate\":\"https:\/\/paradiseisnotlost.com\/cancans\/?s={search_term_string}\"},\"query-input\":\"required name=search_term_string\"}],\"inLanguage\":\"fr-FR\"},{\"@type\":\"WebPage\",\"@id\":\"https:\/\/paradiseisnotlost.com\/cancans\/blog-2\/masonry-2-columns\/#webpage\",\"url\":\"https:\/\/paradiseisnotlost.com\/cancans\/blog-2\/masonry-2-columns\/\",\"name\":\"Masonry 2 Columns - Digital cancans &amp; visuels sud Bretagne - Blog\",\"isPartOf\":{\"@id\":\"https:\/\/paradiseisnotlost.com\/cancans\/#website\"},\"datePublished\":\"2016-02-20T05:03:16+00:00\",\"dateModified\":\"2016-02-20T05:03:16+00:00\",\"breadcrumb\":{\"@id\":\"https:\/\/paradiseisnotlost.com\/cancans\/blog-2\/masonry-2-columns\/#breadcrumb\"},\"inLanguage\":\"fr-FR\",\"potentialAction\":[{\"@type\":\"ReadAction\",\"target\":[\"https:\/\/paradiseisnotlost.com\/cancans\/blog-2\/masonry-2-columns\/\"]}]},{\"@type\":\"BreadcrumbList\",\"@id\":\"https:\/\/paradiseisnotlost.com\/cancans\/blog-2\/masonry-2-columns\/#breadcrumb\",\"itemListElement\":[{\"@type\":\"ListItem\",\"position\":1,\"name\":\"Accueil\",\"item\":\"https:\/\/paradiseisnotlost.com\/cancans\/\"},{\"@type\":\"ListItem\",\"position\":2,\"name\":\"Blog\",\"item\":\"https:\/\/paradiseisnotlost.com\/cancans\/blog-2\/\"},{\"@type\":\"ListItem\",\"position\":3,\"name\":\"Masonry 2 Columns\"}]}]}<\/script>\n<!-- \/ Yoast SEO plugin. -->","yoast_head_json":{"title":"Masonry 2 Columns - Digital cancans &amp; visuels sud Bretagne - Blog","robots":{"index":"noindex","follow":"follow","max-snippet":"max-snippet:-1","max-image-preview":"max-image-preview:large","max-video-preview":"max-video-preview:-1"},"og_locale":"fr_FR","og_type":"article","og_title":"Masonry 2 Columns - Digital cancans &amp; visuels sud Bretagne - Blog","og_description":"[vc_row][vc_column][\/vc_column][\/vc_row]","og_url":"https:\/\/paradiseisnotlost.com\/cancans\/blog-2\/masonry-2-columns\/","og_site_name":"Digital cancans &amp; visuels sud Bretagne - Blog","article_publisher":"https:\/\/www.facebook.com\/paradiseisnotlost","twitter_card":"summary","twitter_site":"@EmazighParadise","schema":{"@context":"https:\/\/schema.org","@graph":[{"@type":"Organization","@id":"https:\/\/paradiseisnotlost.com\/cancans\/#organization","name":"Paradiseisnotlost.com","url":"https:\/\/paradiseisnotlost.com\/cancans\/","sameAs":["https:\/\/www.facebook.com\/paradiseisnotlost","https:\/\/twitter.com\/EmazighParadise"],"logo":{"@type":"ImageObject","@id":"https:\/\/paradiseisnotlost.com\/cancans\/#logo","inLanguage":"fr-FR","url":"http:\/\/paradiseisnotlost.com\/cancans\/wp-content\/uploads\/2017\/01\/300_logo_01.png","contentUrl":"http:\/\/paradiseisnotlost.com\/cancans\/wp-content\/uploads\/2017\/01\/300_logo_01.png","width":300,"height":300,"caption":"Paradiseisnotlost.com"},"image":{"@id":"https:\/\/paradiseisnotlost.com\/cancans\/#logo"}},{"@type":"WebSite","@id":"https:\/\/paradiseisnotlost.com\/cancans\/#website","url":"https:\/\/paradiseisnotlost.com\/cancans\/","name":"Digital cancans &amp; visuels sud Bretagne - Blog","description":"Du vrai, du bon, du bien donc du beau du sud BZH","publisher":{"@id":"https:\/\/paradiseisnotlost.com\/cancans\/#organization"},"potentialAction":[{"@type":"SearchAction","target":{"@type":"EntryPoint","urlTemplate":"https:\/\/paradiseisnotlost.com\/cancans\/?s={search_term_string}"},"query-input":"required name=search_term_string"}],"inLanguage":"fr-FR"},{"@type":"WebPage","@id":"https:\/\/paradiseisnotlost.com\/cancans\/blog-2\/masonry-2-columns\/#webpage","url":"https:\/\/paradiseisnotlost.com\/cancans\/blog-2\/masonry-2-columns\/","name":"Masonry 2 Columns - Digital cancans &amp; visuels sud Bretagne - Blog","isPartOf":{"@id":"https:\/\/paradiseisnotlost.com\/cancans\/#website"},"datePublished":"2016-02-20T05:03:16+00:00","dateModified":"2016-02-20T05:03:16+00:00","breadcrumb":{"@id":"https:\/\/paradiseisnotlost.com\/cancans\/blog-2\/masonry-2-columns\/#breadcrumb"},"inLanguage":"fr-FR","potentialAction":[{"@type":"ReadAction","target":["https:\/\/paradiseisnotlost.com\/cancans\/blog-2\/masonry-2-columns\/"]}]},{"@type":"BreadcrumbList","@id":"https:\/\/paradiseisnotlost.com\/cancans\/blog-2\/masonry-2-columns\/#breadcrumb","itemListElement":[{"@type":"ListItem","position":1,"name":"Accueil","item":"https:\/\/paradiseisnotlost.com\/cancans\/"},{"@type":"ListItem","position":2,"name":"Blog","item":"https:\/\/paradiseisnotlost.com\/cancans\/blog-2\/"},{"@type":"ListItem","position":3,"name":"Masonry 2 Columns"}]}]}},"_links":{"self":[{"href":"https:\/\/paradiseisnotlost.com\/cancans\/wp-json\/wp\/v2\/pages\/1810"}],"collection":[{"href":"https:\/\/paradiseisnotlost.com\/cancans\/wp-json\/wp\/v2\/pages"}],"about":[{"href":"https:\/\/paradiseisnotlost.com\/cancans\/wp-json\/wp\/v2\/types\/page"}],"author":[{"embeddable":true,"href":"https:\/\/paradiseisnotlost.com\/cancans\/wp-json\/wp\/v2\/users\/2"}],"replies":[{"embeddable":true,"href":"https:\/\/paradiseisnotlost.com\/cancans\/wp-json\/wp\/v2\/comments?post=1810"}],"version-history":[{"count":0,"href":"https:\/\/paradiseisnotlost.com\/cancans\/wp-json\/wp\/v2\/pages\/1810\/revisions"}],"up":[{"embeddable":true,"href":"https:\/\/paradiseisnotlost.com\/cancans\/wp-json\/wp\/v2\/pages\/1808"}],"wp:attachment":[{"href":"https:\/\/paradiseisnotlost.com\/cancans\/wp-json\/wp\/v2\/media?parent=1810"}],"curies":[{"name":"wp","href":"https:\/\/api.w.org\/{rel}","templated":true}]}}